{"id":14292,"date":"2020-02-18T08:57:11","date_gmt":"2020-02-18T08:57:11","guid":{"rendered":"http:\/\/www.cibusmontecatini.it\/piatti-vegani-ristorante-montecatini\/"},"modified":"2025-02-14T08:38:22","modified_gmt":"2025-02-14T08:38:22","slug":"vegane-gerichte-restaurant-montecatini","status":"publish","type":"page","link":"https:\/\/www.cibusmontecatini.it\/de\/vegane-gerichte-restaurant-montecatini\/","title":{"rendered":"Menu"},"content":{"rendered":"<p><script>\n  window.location.href = \"\/de\/menu-cibus\/\";\n<\/script><\/p>\n<div class=\"gk-menu-container\">\n<header class=\"bigtitle\">\n<div><a href=\"http:\/\/www.cibusmontecatini.it\/wp-content\/uploads\/2020\/02\/anna-pelzer-IGfIGP5ONV0-unsplash-e1582016030983.jpg\"><img decoding=\"async\" loading=\"lazy\" class=\"alignnone wp-image-14280 size-full\" src=\"http:\/\/www.cibusmontecatini.it\/wp-content\/uploads\/2020\/02\/anna-pelzer-IGfIGP5ONV0-unsplash-e1582016030983.jpg\" alt=\"\" width=\"85\" height=\"85\" \/><\/a><\/div>\n<h3 class=\"header\">Vegane Gerichte<\/h3>\n<p>&nbsp;<\/p>\n<p><!--0ed0376c207067a7--><\/header>\n<div class=\"gk-menu-container\">\n<div class=\"gk-cols\" data-cols=\"3\">\n<div>\n<dl>\n<dt>Cibus Seitan Burger<\/dt>\n<dd><small>mit Bratkartoffeln, Auberginen, Paprika, Zwiebeln<\/small><strong>\u20ac 13,00<\/strong><\/dd>\n<\/dl>\n<p>&nbsp;<\/p>\n<\/div>\n<div>\n<\/div>\n<div>\n<\/div>\n<\/div>\n<\/div>\n<\/div>\n","protected":false},"excerpt":{"rendered":"<p>Vegane Gerichte &nbsp; Cibus Seitan Burger mit Bratkartoffeln, Auberginen, Paprika, Zwiebeln\u20ac 13,00 &nbsp;&hellip;<\/p>\n","protected":false},"author":3,"featured_media":14285,"parent":0,"menu_order":0,"comment_status":"closed","ping_status":"closed","template":"template.one-page-wide.php","meta":{"_expiration-date-status":"","_expiration-date":0,"_expiration-date-type":"","_expiration-date-categories":[],"_expiration-date-options":[]},"yoast_head":"<!-- This site is optimized with the Yoast SEO plugin v20.1 - https:\/\/yoast.com\/wordpress\/plugins\/seo\/ -->\n<title>Menu - Cibus Ristorante a Montecatini Terme<\/title>\n<meta name=\"description\" content=\"Gerichte f\u00fcr Vegetarier und Veganer. Das CIBUS Montecatini Terme ist ein Restaurant mit einem gro\u00dfen Garten im Freien, ideal f\u00fcr Mittag- und Abendessen oder einen schnellen Snack.\" \/>\n<meta name=\"robots\" content=\"index, follow, max-snippet:-1, max-image-preview:large, max-video-preview:-1\" \/>\n<link rel=\"canonical\" href=\"https:\/\/www.cibusmontecatini.it\/de\/vegane-gerichte-restaurant-montecatini\/\" \/>\n<meta name=\"twitter:label1\" content=\"Gesch\u00e4tzte Lesezeit\" \/>\n\t<meta name=\"twitter:data1\" content=\"1\u00a0Minute\" \/>\n<script type=\"application\/ld+json\" class=\"yoast-schema-graph\">{\"@context\":\"https:\/\/schema.org\",\"@graph\":[{\"@type\":\"WebPage\",\"@id\":\"https:\/\/www.cibusmontecatini.it\/de\/vegane-gerichte-restaurant-montecatini\/\",\"url\":\"https:\/\/www.cibusmontecatini.it\/de\/vegane-gerichte-restaurant-montecatini\/\",\"name\":\"Menu - Cibus Ristorante a Montecatini Terme\",\"isPartOf\":{\"@id\":\"https:\/\/www.cibusmontecatini.it\/#website\"},\"datePublished\":\"2020-02-18T08:57:11+00:00\",\"dateModified\":\"2025-02-14T08:38:22+00:00\",\"description\":\"Gerichte f\u00fcr Vegetarier und Veganer. Das CIBUS Montecatini Terme ist ein Restaurant mit einem gro\u00dfen Garten im Freien, ideal f\u00fcr Mittag- und Abendessen oder einen schnellen Snack.\",\"breadcrumb\":{\"@id\":\"https:\/\/www.cibusmontecatini.it\/de\/vegane-gerichte-restaurant-montecatini\/#breadcrumb\"},\"inLanguage\":\"de\",\"potentialAction\":[{\"@type\":\"ReadAction\",\"target\":[\"https:\/\/www.cibusmontecatini.it\/de\/vegane-gerichte-restaurant-montecatini\/\"]}]},{\"@type\":\"BreadcrumbList\",\"@id\":\"https:\/\/www.cibusmontecatini.it\/de\/vegane-gerichte-restaurant-montecatini\/#breadcrumb\",\"itemListElement\":[{\"@type\":\"ListItem\",\"position\":1,\"name\":\"Home\",\"item\":\"https:\/\/www.cibusmontecatini.it\/de\/\"},{\"@type\":\"ListItem\",\"position\":2,\"name\":\"Menu\"}]},{\"@type\":\"WebSite\",\"@id\":\"https:\/\/www.cibusmontecatini.it\/#website\",\"url\":\"https:\/\/www.cibusmontecatini.it\/\",\"name\":\"Cibus Ristorante a Montecatini Terme\",\"description\":\"Bar Gori\",\"potentialAction\":[{\"@type\":\"SearchAction\",\"target\":{\"@type\":\"EntryPoint\",\"urlTemplate\":\"https:\/\/www.cibusmontecatini.it\/?s={search_term_string}\"},\"query-input\":\"required name=search_term_string\"}],\"inLanguage\":\"de\"}]}<\/script>\n<!-- \/ Yoast SEO plugin. -->","yoast_head_json":{"title":"Menu - Cibus Ristorante a Montecatini Terme","description":"Gerichte f\u00fcr Vegetarier und Veganer. Das CIBUS Montecatini Terme ist ein Restaurant mit einem gro\u00dfen Garten im Freien, ideal f\u00fcr Mittag- und Abendessen oder einen schnellen Snack.","robots":{"index":"index","follow":"follow","max-snippet":"max-snippet:-1","max-image-preview":"max-image-preview:large","max-video-preview":"max-video-preview:-1"},"canonical":"https:\/\/www.cibusmontecatini.it\/de\/vegane-gerichte-restaurant-montecatini\/","twitter_misc":{"Gesch\u00e4tzte Lesezeit":"1\u00a0Minute"},"schema":{"@context":"https:\/\/schema.org","@graph":[{"@type":"WebPage","@id":"https:\/\/www.cibusmontecatini.it\/de\/vegane-gerichte-restaurant-montecatini\/","url":"https:\/\/www.cibusmontecatini.it\/de\/vegane-gerichte-restaurant-montecatini\/","name":"Menu - Cibus Ristorante a Montecatini Terme","isPartOf":{"@id":"https:\/\/www.cibusmontecatini.it\/#website"},"datePublished":"2020-02-18T08:57:11+00:00","dateModified":"2025-02-14T08:38:22+00:00","description":"Gerichte f\u00fcr Vegetarier und Veganer. Das CIBUS Montecatini Terme ist ein Restaurant mit einem gro\u00dfen Garten im Freien, ideal f\u00fcr Mittag- und Abendessen oder einen schnellen Snack.","breadcrumb":{"@id":"https:\/\/www.cibusmontecatini.it\/de\/vegane-gerichte-restaurant-montecatini\/#breadcrumb"},"inLanguage":"de","potentialAction":[{"@type":"ReadAction","target":["https:\/\/www.cibusmontecatini.it\/de\/vegane-gerichte-restaurant-montecatini\/"]}]},{"@type":"BreadcrumbList","@id":"https:\/\/www.cibusmontecatini.it\/de\/vegane-gerichte-restaurant-montecatini\/#breadcrumb","itemListElement":[{"@type":"ListItem","position":1,"name":"Home","item":"https:\/\/www.cibusmontecatini.it\/de\/"},{"@type":"ListItem","position":2,"name":"Menu"}]},{"@type":"WebSite","@id":"https:\/\/www.cibusmontecatini.it\/#website","url":"https:\/\/www.cibusmontecatini.it\/","name":"Cibus Ristorante a Montecatini Terme","description":"Bar Gori","potentialAction":[{"@type":"SearchAction","target":{"@type":"EntryPoint","urlTemplate":"https:\/\/www.cibusmontecatini.it\/?s={search_term_string}"},"query-input":"required name=search_term_string"}],"inLanguage":"de"}]}},"_links":{"self":[{"href":"https:\/\/www.cibusmontecatini.it\/de\/wp-json\/wp\/v2\/pages\/14292"}],"collection":[{"href":"https:\/\/www.cibusmontecatini.it\/de\/wp-json\/wp\/v2\/pages"}],"about":[{"href":"https:\/\/www.cibusmontecatini.it\/de\/wp-json\/wp\/v2\/types\/page"}],"author":[{"embeddable":true,"href":"https:\/\/www.cibusmontecatini.it\/de\/wp-json\/wp\/v2\/users\/3"}],"replies":[{"embeddable":true,"href":"https:\/\/www.cibusmontecatini.it\/de\/wp-json\/wp\/v2\/comments?post=14292"}],"version-history":[{"count":4,"href":"https:\/\/www.cibusmontecatini.it\/de\/wp-json\/wp\/v2\/pages\/14292\/revisions"}],"predecessor-version":[{"id":36453,"href":"https:\/\/www.cibusmontecatini.it\/de\/wp-json\/wp\/v2\/pages\/14292\/revisions\/36453"}],"wp:featuredmedia":[{"embeddable":true,"href":"https:\/\/www.cibusmontecatini.it\/de\/wp-json\/wp\/v2\/media\/14285"}],"wp:attachment":[{"href":"https:\/\/www.cibusmontecatini.it\/de\/wp-json\/wp\/v2\/media?parent=14292"}],"curies":[{"name":"wp","href":"https:\/\/api.w.org\/{rel}","templated":true}]}}