{"id":1479,"date":"2014-08-26T15:45:18","date_gmt":"2014-08-26T15:45:18","guid":{"rendered":"http:\/\/www.cibusmontecatini.it\/our-story-2\/"},"modified":"2025-02-19T22:29:00","modified_gmt":"2025-02-19T22:29:00","slug":"wir-uber-uns-restaurant-montecatini","status":"publish","type":"page","link":"https:\/\/www.cibusmontecatini.it\/de\/wir-uber-uns-restaurant-montecatini\/","title":{"rendered":"Wir \u00dcber Uns"},"content":{"rendered":"<style>\nheader.bigtitle.has-bg.lazyloaded {\n    background-image: url(https:\/\/www.cibusmontecatini.it\/wp-content\/uploads\/2025\/02\/IMG_9654-Migliorato-SR-1.jpg) !important;\n    background-position: center;\n}\n<\/style>\n<h1 data-start=\"113\" data-end=\"171\"><strong data-start=\"115\" data-end=\"169\">Gourmet-Restaurant &amp; Pizzeria in Montecatini Terme<\/strong><\/h1>\n<h2 data-start=\"173\" data-end=\"251\"><strong data-start=\"176\" data-end=\"249\">Tradition und Innovation f\u00fcr ein einzigartiges kulinarisches Erlebnis<\/strong><\/h2>\n<p data-start=\"252\" data-end=\"609\">Im Herzen von Montecatini Terme bietet unser Restaurant ein einzigartiges kulinarisches Erlebnis, bei dem <strong data-start=\"358\" data-end=\"386\">Tradition und Innovation<\/strong> in perfektem Gleichgewicht aufeinandertreffen. Wir sind die ideale Adresse f\u00fcr alle, die raffinierte Gerichte in einer einladenden und stilvollen Atmosph\u00e4re genie\u00dfen m\u00f6chten, mit aufmerksamen und professionellen Service.<\/p>\n<p data-start=\"611\" data-end=\"758\">Wir haben t\u00e4glich von <strong data-start=\"633\" data-end=\"658\">12:00 bis Mitternacht<\/strong> ge\u00f6ffnet und freuen uns darauf, Sie zum Mittagessen, Aperitif oder Abendessen begr\u00fc\u00dfen zu d\u00fcrfen.<\/p>\n<hr data-start=\"760\" data-end=\"763\" \/>\n<h2 data-start=\"765\" data-end=\"833\"><strong data-start=\"768\" data-end=\"831\">Unsere Speisekarte: Eine Reise durch die italienische K\u00fcche<\/strong><\/h2>\n<h3 data-start=\"835\" data-end=\"883\"><strong data-start=\"839\" data-end=\"881\">Vorspeisen, Hauptgerichte und Beilagen<\/strong><\/h3>\n<p data-start=\"884\" data-end=\"1177\">Unsere Speisekarte ist eine Hommage an die italienische K\u00fcche, mit Gerichten aus <strong data-start=\"965\" data-end=\"1002\">frischen und hochwertigen Zutaten<\/strong>. Von der Vorspeise bis zum Dessert ist jedes Gericht darauf ausgelegt, die echten Aromen unserer Region zu unterstreichen \u2013 mit besonderem Augenmerk auf saisonale Produkte.<\/p>\n<p data-start=\"1179\" data-end=\"1214\">Wir bieten eine gro\u00dfe Auswahl an:<\/p>\n<p data-start=\"1216\" data-end=\"1426\">Vorspeisen mit Fleisch oder Fisch<br data-start=\"1249\" data-end=\"1252\" \/>Frische Pasta mit raffinierten Saucen<br data-start=\"1289\" data-end=\"1292\" \/>Hauptgerichten mit Fleisch oder Fisch, nach modernen und traditionellen Methoden zubereitet<br data-start=\"1383\" data-end=\"1386\" \/>Kreativen Beilagen und Gourmet-Salaten<\/p>\n<hr data-start=\"1428\" data-end=\"1431\" \/>\n<h2 data-start=\"1433\" data-end=\"1495\"><strong data-start=\"1436\" data-end=\"1493\">Die Kunst der Pizza: Leichter Teig und Gourmet-Bel\u00e4ge<\/strong><\/h2>\n<h3 data-start=\"1497\" data-end=\"1535\"><strong data-start=\"1501\" data-end=\"1533\">Von traditionell bis kreativ<\/strong><\/h3>\n<p data-start=\"1536\" data-end=\"1759\">Pizza ist eine unserer Spezialit\u00e4ten: Unser <strong data-start=\"1580\" data-end=\"1607\">lang fermentierter Teig<\/strong> sorgt f\u00fcr eine besonders leichte und bek\u00f6mmliche Konsistenz. Die Pizzen werden im Steinofen perfekt gebacken, um die ideale Knusprigkeit zu erzielen.<\/p>\n<p data-start=\"1761\" data-end=\"1793\">Unsere Spezialit\u00e4ten umfassen:<\/p>\n<p data-start=\"1795\" data-end=\"2027\">Klassische Pizzen wie Margherita, Napoli und Quattro Formaggi<br data-start=\"1856\" data-end=\"1859\" \/>Gourmet-Pizzen mit ausgew\u00e4hlten Zutaten wie Burrata, Tr\u00fcffel, Parmaschinken oder Stracciatella<br data-start=\"1953\" data-end=\"1956\" \/>Alternative Teigvarianten f\u00fcr alle, die etwas Neues probieren m\u00f6chten<\/p>\n<p data-start=\"2029\" data-end=\"2189\">Jede Pizza wird mit <strong data-start=\"2049\" data-end=\"2128\">hochwertigem Mehl, 100 % italienischen Tomaten und erstklassigem Mozzarella<\/strong> \u2013 entweder Fiordilatte oder B\u00fcffelmozzarella \u2013 zubereitet.<\/p>\n<hr data-start=\"2191\" data-end=\"2194\" \/>\n<h2 data-start=\"2196\" data-end=\"2252\"><strong data-start=\"2199\" data-end=\"2250\">Weine und Craft-Biere: Die perfekte Kombination<\/strong><\/h2>\n<p data-start=\"2253\" data-end=\"2386\">Zu jedem Gericht bieten wir eine <strong data-start=\"2286\" data-end=\"2321\">sorgf\u00e4ltig kuratierte Weinkarte<\/strong>, mit erlesenen Weinen aus den besten italienischen Weing\u00fctern.<\/p>\n<p data-start=\"2388\" data-end=\"2418\">F\u00fcr Bierliebhaber haben wir:<\/p>\n<p data-start=\"2420\" data-end=\"2585\">\u00dcber 30 handwerklich gebraute Biersorten aus Italien und anderen L\u00e4ndern<br data-start=\"2492\" data-end=\"2495\" \/>Spezial- und Limited-Edition-Biere<br data-start=\"2529\" data-end=\"2532\" \/>Pers\u00f6nliche Empfehlungen f\u00fcr das beste Food-Pairing<\/p>\n<hr data-start=\"2587\" data-end=\"2590\" \/>\n<h2 data-start=\"2592\" data-end=\"2642\"><strong data-start=\"2595\" data-end=\"2640\">Eine gem\u00fctliche und einladende Atmosph\u00e4re<\/strong><\/h2>\n<p data-start=\"2643\" data-end=\"2894\">Wir haben eine warme und entspannte Atmosph\u00e4re geschaffen \u2013 ideal f\u00fcr ein Abendessen mit der Familie oder einen besonderen Anlass. Unser Team empf\u00e4ngt Sie stets mit einem L\u00e4cheln und sorgt f\u00fcr einen schnellen, aber gleichzeitig sorgf\u00e4ltigen Service.<\/p>\n<p data-start=\"2896\" data-end=\"3038\"><strong data-start=\"2896\" data-end=\"3036\">Jeder Gast ist f\u00fcr uns etwas Besonderes, und unser Ziel ist es, jeden Besuch zu einem genussvollen und unvergesslichen Moment zu machen.<\/strong><\/p>\n<hr data-start=\"3040\" data-end=\"3043\" \/>\n<h2 data-start=\"3045\" data-end=\"3110\"><strong data-start=\"3048\" data-end=\"3108\">Von Fr\u00fchst\u00fcck bis Abendessen \u2013 Qualit\u00e4t und Leidenschaft<\/strong><\/h2>\n<p data-start=\"3111\" data-end=\"3220\">Neben unseren Restaurantgerichten ist unser Lokal auch <strong data-start=\"3166\" data-end=\"3217\">der perfekte Ort f\u00fcr ein hochwertiges Fr\u00fchst\u00fcck<\/strong>.<\/p>\n<p data-start=\"3222\" data-end=\"3270\">T\u00e4glich ab <strong data-start=\"3233\" data-end=\"3253\">7:00 Uhr morgens<\/strong> servieren wir:<\/p>\n<p data-start=\"3272\" data-end=\"3381\">Ausgew\u00e4hlten Kaffee von den besten R\u00f6stereien<br data-start=\"3317\" data-end=\"3320\" \/>Feine hausgemachte Patisserie<br data-start=\"3349\" data-end=\"3352\" \/>Frisch gebackene Croissants<\/p>\n<p data-start=\"3383\" data-end=\"3524\">Zum Mittag- und Abendessen erwarten wir Sie <strong data-start=\"3427\" data-end=\"3464\">t\u00e4glich von 12:00 bis Mitternacht<\/strong>, um Ihnen ein einzigartiges Geschmackserlebnis zu bieten.<\/p>\n<hr data-start=\"3526\" data-end=\"3529\" \/>\n<h2 data-start=\"3531\" data-end=\"3557\"><strong data-start=\"3534\" data-end=\"3555\">Besuchen Sie uns!<\/strong><\/h2>\n<p data-start=\"3558\" data-end=\"3783\">Wenn Sie ein <strong data-start=\"3571\" data-end=\"3632\">Gourmet-Restaurant und eine Pizzeria in Montecatini Terme<\/strong> suchen, in der Sie raffinierte Gerichte, leichte Pizzen und eine gro\u00dfe Auswahl an Weinen und Bieren genie\u00dfen k\u00f6nnen, sind Sie bei uns genau richtig.<\/p>\n<p data-start=\"3785\" data-end=\"3895\">Reservieren Sie jetzt Ihren Tisch und lassen Sie sich von den authentischen Aromen unserer K\u00fcche begeistern.<\/p>\n<style>\n#gk-footer-nav {<br \/>\n    display: none !important;<br \/>\n}<br \/>\nli#menu-item-599, li#menu-item-2165, li#menu-item-2240,li#menu-item-1629,li#menu-item-2245,li#menu-item-1630,li#menu-item-2246  {<br \/>\n    display: none !important;<br \/>\n}<br \/>\nli#menu-item-1419 .sub-menu {<br \/>\n    display: none !important;<br \/>\n}<br \/>\nli#menu-item-1419 ::before{ display: none !important;}<br \/>\n<\/style>\n","protected":false},"excerpt":{"rendered":"<p>Gourmet-Restaurant &amp; Pizzeria in Montecatini Terme Tradition und Innovation f\u00fcr ein einzigartiges kulinarisches Erlebnis Im Herzen von Montecatini Terme bietet unser Restaurant ein einzigartiges kulinarisches Erlebnis, bei dem Tradition und Innovation in perfektem Gleichgewicht aufeinandertreffen. Wir sind die ideale Adresse f\u00fcr alle, die raffinierte Gerichte in einer einladenden und stilvollen Atmosph\u00e4re genie\u00dfen m\u00f6chten, mit aufmerksamen&hellip;<\/p>\n","protected":false},"author":4,"featured_media":1482,"parent":0,"menu_order":0,"comment_status":"closed","ping_status":"closed","template":"template.one-page.php","meta":{"_expiration-date-status":"saved","_expiration-date":0,"_expiration-date-type":"","_expiration-date-categories":[],"_expiration-date-options":[]},"yoast_head":"<!-- This site is optimized with the Yoast SEO plugin v20.1 - https:\/\/yoast.com\/wordpress\/plugins\/seo\/ -->\n<title>cibus restaurant montecatini<\/title>\n<meta name=\"description\" content=\"restaurant, CIBUS Montecatini Terme ist ein Fastfood-Restaurant und modern mit einem gro\u00dfen Garten, ideal f\u00fcr Mittag-und Abendessen f\u00fcr Gruppen oder einen schnellen Imbiss.\" \/>\n<meta name=\"robots\" content=\"index, follow, max-snippet:-1, max-image-preview:large, max-video-preview:-1\" \/>\n<link rel=\"canonical\" href=\"https:\/\/www.cibusmontecatini.it\/de\/wir-uber-uns-restaurant-montecatini\/\" \/>\n<meta name=\"twitter:label1\" content=\"Gesch\u00e4tzte Lesezeit\" \/>\n\t<meta name=\"twitter:data1\" content=\"3\u00a0Minuten\" \/>\n<script type=\"application\/ld+json\" class=\"yoast-schema-graph\">{\"@context\":\"https:\/\/schema.org\",\"@graph\":[{\"@type\":\"WebPage\",\"@id\":\"https:\/\/www.cibusmontecatini.it\/de\/wir-uber-uns-restaurant-montecatini\/\",\"url\":\"https:\/\/www.cibusmontecatini.it\/de\/wir-uber-uns-restaurant-montecatini\/\",\"name\":\"cibus restaurant montecatini\",\"isPartOf\":{\"@id\":\"https:\/\/www.cibusmontecatini.it\/#website\"},\"datePublished\":\"2014-08-26T15:45:18+00:00\",\"dateModified\":\"2025-02-19T22:29:00+00:00\",\"description\":\"restaurant, CIBUS Montecatini Terme ist ein Fastfood-Restaurant und modern mit einem gro\u00dfen Garten, ideal f\u00fcr Mittag-und Abendessen f\u00fcr Gruppen oder einen schnellen Imbiss.\",\"breadcrumb\":{\"@id\":\"https:\/\/www.cibusmontecatini.it\/de\/wir-uber-uns-restaurant-montecatini\/#breadcrumb\"},\"inLanguage\":\"de\",\"potentialAction\":[{\"@type\":\"ReadAction\",\"target\":[\"https:\/\/www.cibusmontecatini.it\/de\/wir-uber-uns-restaurant-montecatini\/\"]}]},{\"@type\":\"BreadcrumbList\",\"@id\":\"https:\/\/www.cibusmontecatini.it\/de\/wir-uber-uns-restaurant-montecatini\/#breadcrumb\",\"itemListElement\":[{\"@type\":\"ListItem\",\"position\":1,\"name\":\"Home\",\"item\":\"https:\/\/www.cibusmontecatini.it\/de\/\"},{\"@type\":\"ListItem\",\"position\":2,\"name\":\"Wir \u00dcber Uns\"}]},{\"@type\":\"WebSite\",\"@id\":\"https:\/\/www.cibusmontecatini.it\/#website\",\"url\":\"https:\/\/www.cibusmontecatini.it\/\",\"name\":\"Cibus Ristorante a Montecatini Terme\",\"description\":\"Bar Gori\",\"potentialAction\":[{\"@type\":\"SearchAction\",\"target\":{\"@type\":\"EntryPoint\",\"urlTemplate\":\"https:\/\/www.cibusmontecatini.it\/?s={search_term_string}\"},\"query-input\":\"required name=search_term_string\"}],\"inLanguage\":\"de\"}]}<\/script>\n<!-- \/ Yoast SEO plugin. -->","yoast_head_json":{"title":"cibus restaurant montecatini","description":"restaurant, CIBUS Montecatini Terme ist ein Fastfood-Restaurant und modern mit einem gro\u00dfen Garten, ideal f\u00fcr Mittag-und Abendessen f\u00fcr Gruppen oder einen schnellen Imbiss.","robots":{"index":"index","follow":"follow","max-snippet":"max-snippet:-1","max-image-preview":"max-image-preview:large","max-video-preview":"max-video-preview:-1"},"canonical":"https:\/\/www.cibusmontecatini.it\/de\/wir-uber-uns-restaurant-montecatini\/","twitter_misc":{"Gesch\u00e4tzte Lesezeit":"3\u00a0Minuten"},"schema":{"@context":"https:\/\/schema.org","@graph":[{"@type":"WebPage","@id":"https:\/\/www.cibusmontecatini.it\/de\/wir-uber-uns-restaurant-montecatini\/","url":"https:\/\/www.cibusmontecatini.it\/de\/wir-uber-uns-restaurant-montecatini\/","name":"cibus restaurant montecatini","isPartOf":{"@id":"https:\/\/www.cibusmontecatini.it\/#website"},"datePublished":"2014-08-26T15:45:18+00:00","dateModified":"2025-02-19T22:29:00+00:00","description":"restaurant, CIBUS Montecatini Terme ist ein Fastfood-Restaurant und modern mit einem gro\u00dfen Garten, ideal f\u00fcr Mittag-und Abendessen f\u00fcr Gruppen oder einen schnellen Imbiss.","breadcrumb":{"@id":"https:\/\/www.cibusmontecatini.it\/de\/wir-uber-uns-restaurant-montecatini\/#breadcrumb"},"inLanguage":"de","potentialAction":[{"@type":"ReadAction","target":["https:\/\/www.cibusmontecatini.it\/de\/wir-uber-uns-restaurant-montecatini\/"]}]},{"@type":"BreadcrumbList","@id":"https:\/\/www.cibusmontecatini.it\/de\/wir-uber-uns-restaurant-montecatini\/#breadcrumb","itemListElement":[{"@type":"ListItem","position":1,"name":"Home","item":"https:\/\/www.cibusmontecatini.it\/de\/"},{"@type":"ListItem","position":2,"name":"Wir \u00dcber Uns"}]},{"@type":"WebSite","@id":"https:\/\/www.cibusmontecatini.it\/#website","url":"https:\/\/www.cibusmontecatini.it\/","name":"Cibus Ristorante a Montecatini Terme","description":"Bar Gori","potentialAction":[{"@type":"SearchAction","target":{"@type":"EntryPoint","urlTemplate":"https:\/\/www.cibusmontecatini.it\/?s={search_term_string}"},"query-input":"required name=search_term_string"}],"inLanguage":"de"}]}},"_links":{"self":[{"href":"https:\/\/www.cibusmontecatini.it\/de\/wp-json\/wp\/v2\/pages\/1479"}],"collection":[{"href":"https:\/\/www.cibusmontecatini.it\/de\/wp-json\/wp\/v2\/pages"}],"about":[{"href":"https:\/\/www.cibusmontecatini.it\/de\/wp-json\/wp\/v2\/types\/page"}],"author":[{"embeddable":true,"href":"https:\/\/www.cibusmontecatini.it\/de\/wp-json\/wp\/v2\/users\/4"}],"replies":[{"embeddable":true,"href":"https:\/\/www.cibusmontecatini.it\/de\/wp-json\/wp\/v2\/comments?post=1479"}],"version-history":[{"count":3,"href":"https:\/\/www.cibusmontecatini.it\/de\/wp-json\/wp\/v2\/pages\/1479\/revisions"}],"predecessor-version":[{"id":36496,"href":"https:\/\/www.cibusmontecatini.it\/de\/wp-json\/wp\/v2\/pages\/1479\/revisions\/36496"}],"wp:featuredmedia":[{"embeddable":true,"href":"https:\/\/www.cibusmontecatini.it\/de\/wp-json\/wp\/v2\/media\/1482"}],"wp:attachment":[{"href":"https:\/\/www.cibusmontecatini.it\/de\/wp-json\/wp\/v2\/media?parent=1479"}],"curies":[{"name":"wp","href":"https:\/\/api.w.org\/{rel}","templated":true}]}}