{"id":1483,"date":"2015-01-23T10:57:13","date_gmt":"2015-01-23T10:57:13","guid":{"rendered":"http:\/\/www.cibusmontecatini.it\/contatti-interna-2\/"},"modified":"2025-02-20T09:12:23","modified_gmt":"2025-02-20T09:12:23","slug":"kontakt-restaurant-montecatini","status":"publish","type":"page","link":"https:\/\/www.cibusmontecatini.it\/de\/kontakt-restaurant-montecatini\/","title":{"rendered":"Kontakt Cibus"},"content":{"rendered":"<p>&nbsp;<\/p>\n<div class=\"gk-cols\" data-cols=\"2\">\n<div><iframe loading=\"lazy\" style=\"border: 0;\" src=\"https:\/\/www.google.com\/maps\/embed?pb=!1m14!1m8!1m3!1d2875.785748424181!2d10.774769899999999!3d43.880990499999996!3m2!1i1024!2i768!4f13.1!3m3!1m2!1s0x132a7d67d2f1298f%3A0x6b1055a8b0084512!2sCorso+Giacomo+Matteotti%2C+97%2C+51016+Montecatini+Terme+PT!5e0!3m2!1sit!2sit!4v1422011540407\" width=\"700\" height=\"400\" frameborder=\"0\"><\/iframe><\/div>\n<div>\n<address><strong style=\"font-size: 20px;\">Addresse<\/strong><\/p>\n<p style=\"font-size: 20px;\">Cibus<br \/>\nCorso Giacomo Matteotti 9751016 Montecatini-Terme<\/p>\n<p><strong style=\"font-size: 20px;\">Kontakt<\/strong><\/p>\n<p style=\"font-size: 20px;\">Tel:(+39) 0572-78744Mail:<a href=\"mailto:info@cibusmontecatini.it\">info@cibusmontecatini.it<\/a><br \/>\nFax: 0572-610901<\/p>\n<p>P.IVA 01090130475<\/p>\n<\/address>\n<\/div>\n<\/div>\n<style>\n#gk-footer-nav {<br \/>\n    display: none !important;<br \/>\n}<br \/>\nli#menu-item-599, li#menu-item-2165, li#menu-item-2240,li#menu-item-1629,li#menu-item-2245,li#menu-item-1630,li#menu-item-2246  {<br \/>\n    display: none !important;<br \/>\n}<br \/>\nli#menu-item-1419 .sub-menu {<br \/>\n    display: none !important;<br \/>\n}<br \/>\nli#menu-item-1419 ::before{ display: none !important;}<br \/>\n<\/style>\n","protected":false},"excerpt":{"rendered":"<p>&nbsp; Addresse Cibus Corso Giacomo Matteotti 9751016 Montecatini-Terme Kontakt Tel:(+39) 0572-78744Mail:info@cibusmontecatini.it Fax: 0572-610901 P.IVA 01090130475&hellip;<\/p>\n","protected":false},"author":3,"featured_media":0,"parent":0,"menu_order":0,"comment_status":"closed","ping_status":"closed","template":"","meta":{"_expiration-date-status":"","_expiration-date":0,"_expiration-date-type":"","_expiration-date-categories":[],"_expiration-date-options":[]},"yoast_head":"<!-- This site is optimized with the Yoast SEO plugin v20.1 - https:\/\/yoast.com\/wordpress\/plugins\/seo\/ -->\n<title>cibus restaurant montecatini<\/title>\n<meta name=\"description\" content=\"CIBUS Montecatini Terme ist ein Fastfood-Restaurant und modern mit einem gro\u00dfen Garten, ideal f\u00fcr Mittag-und Abendessen f\u00fcr Gruppen oder einen schnellen Imbiss.\" \/>\n<meta name=\"robots\" content=\"index, follow, max-snippet:-1, max-image-preview:large, max-video-preview:-1\" \/>\n<link rel=\"canonical\" href=\"https:\/\/www.cibusmontecatini.it\/de\/kontakt-restaurant-montecatini\/\" \/>\n<meta name=\"twitter:label1\" content=\"Gesch\u00e4tzte Lesezeit\" \/>\n\t<meta name=\"twitter:data1\" content=\"1\u00a0Minute\" \/>\n<script type=\"application\/ld+json\" class=\"yoast-schema-graph\">{\"@context\":\"https:\/\/schema.org\",\"@graph\":[{\"@type\":\"WebPage\",\"@id\":\"https:\/\/www.cibusmontecatini.it\/de\/kontakt-restaurant-montecatini\/\",\"url\":\"https:\/\/www.cibusmontecatini.it\/de\/kontakt-restaurant-montecatini\/\",\"name\":\"cibus restaurant montecatini\",\"isPartOf\":{\"@id\":\"https:\/\/www.cibusmontecatini.it\/#website\"},\"datePublished\":\"2015-01-23T10:57:13+00:00\",\"dateModified\":\"2025-02-20T09:12:23+00:00\",\"description\":\"CIBUS Montecatini Terme ist ein Fastfood-Restaurant und modern mit einem gro\u00dfen Garten, ideal f\u00fcr Mittag-und Abendessen f\u00fcr Gruppen oder einen schnellen Imbiss.\",\"breadcrumb\":{\"@id\":\"https:\/\/www.cibusmontecatini.it\/de\/kontakt-restaurant-montecatini\/#breadcrumb\"},\"inLanguage\":\"de\",\"potentialAction\":[{\"@type\":\"ReadAction\",\"target\":[\"https:\/\/www.cibusmontecatini.it\/de\/kontakt-restaurant-montecatini\/\"]}]},{\"@type\":\"BreadcrumbList\",\"@id\":\"https:\/\/www.cibusmontecatini.it\/de\/kontakt-restaurant-montecatini\/#breadcrumb\",\"itemListElement\":[{\"@type\":\"ListItem\",\"position\":1,\"name\":\"Home\",\"item\":\"https:\/\/www.cibusmontecatini.it\/de\/\"},{\"@type\":\"ListItem\",\"position\":2,\"name\":\"Kontakt Cibus\"}]},{\"@type\":\"WebSite\",\"@id\":\"https:\/\/www.cibusmontecatini.it\/#website\",\"url\":\"https:\/\/www.cibusmontecatini.it\/\",\"name\":\"Cibus Ristorante a Montecatini Terme\",\"description\":\"Bar Gori\",\"potentialAction\":[{\"@type\":\"SearchAction\",\"target\":{\"@type\":\"EntryPoint\",\"urlTemplate\":\"https:\/\/www.cibusmontecatini.it\/?s={search_term_string}\"},\"query-input\":\"required name=search_term_string\"}],\"inLanguage\":\"de\"}]}<\/script>\n<!-- \/ Yoast SEO plugin. -->","yoast_head_json":{"title":"cibus restaurant montecatini","description":"CIBUS Montecatini Terme ist ein Fastfood-Restaurant und modern mit einem gro\u00dfen Garten, ideal f\u00fcr Mittag-und Abendessen f\u00fcr Gruppen oder einen schnellen Imbiss.","robots":{"index":"index","follow":"follow","max-snippet":"max-snippet:-1","max-image-preview":"max-image-preview:large","max-video-preview":"max-video-preview:-1"},"canonical":"https:\/\/www.cibusmontecatini.it\/de\/kontakt-restaurant-montecatini\/","twitter_misc":{"Gesch\u00e4tzte Lesezeit":"1\u00a0Minute"},"schema":{"@context":"https:\/\/schema.org","@graph":[{"@type":"WebPage","@id":"https:\/\/www.cibusmontecatini.it\/de\/kontakt-restaurant-montecatini\/","url":"https:\/\/www.cibusmontecatini.it\/de\/kontakt-restaurant-montecatini\/","name":"cibus restaurant montecatini","isPartOf":{"@id":"https:\/\/www.cibusmontecatini.it\/#website"},"datePublished":"2015-01-23T10:57:13+00:00","dateModified":"2025-02-20T09:12:23+00:00","description":"CIBUS Montecatini Terme ist ein Fastfood-Restaurant und modern mit einem gro\u00dfen Garten, ideal f\u00fcr Mittag-und Abendessen f\u00fcr Gruppen oder einen schnellen Imbiss.","breadcrumb":{"@id":"https:\/\/www.cibusmontecatini.it\/de\/kontakt-restaurant-montecatini\/#breadcrumb"},"inLanguage":"de","potentialAction":[{"@type":"ReadAction","target":["https:\/\/www.cibusmontecatini.it\/de\/kontakt-restaurant-montecatini\/"]}]},{"@type":"BreadcrumbList","@id":"https:\/\/www.cibusmontecatini.it\/de\/kontakt-restaurant-montecatini\/#breadcrumb","itemListElement":[{"@type":"ListItem","position":1,"name":"Home","item":"https:\/\/www.cibusmontecatini.it\/de\/"},{"@type":"ListItem","position":2,"name":"Kontakt Cibus"}]},{"@type":"WebSite","@id":"https:\/\/www.cibusmontecatini.it\/#website","url":"https:\/\/www.cibusmontecatini.it\/","name":"Cibus Ristorante a Montecatini Terme","description":"Bar Gori","potentialAction":[{"@type":"SearchAction","target":{"@type":"EntryPoint","urlTemplate":"https:\/\/www.cibusmontecatini.it\/?s={search_term_string}"},"query-input":"required name=search_term_string"}],"inLanguage":"de"}]}},"_links":{"self":[{"href":"https:\/\/www.cibusmontecatini.it\/de\/wp-json\/wp\/v2\/pages\/1483"}],"collection":[{"href":"https:\/\/www.cibusmontecatini.it\/de\/wp-json\/wp\/v2\/pages"}],"about":[{"href":"https:\/\/www.cibusmontecatini.it\/de\/wp-json\/wp\/v2\/types\/page"}],"author":[{"embeddable":true,"href":"https:\/\/www.cibusmontecatini.it\/de\/wp-json\/wp\/v2\/users\/3"}],"replies":[{"embeddable":true,"href":"https:\/\/www.cibusmontecatini.it\/de\/wp-json\/wp\/v2\/comments?post=1483"}],"version-history":[{"count":2,"href":"https:\/\/www.cibusmontecatini.it\/de\/wp-json\/wp\/v2\/pages\/1483\/revisions"}],"predecessor-version":[{"id":36503,"href":"https:\/\/www.cibusmontecatini.it\/de\/wp-json\/wp\/v2\/pages\/1483\/revisions\/36503"}],"wp:attachment":[{"href":"https:\/\/www.cibusmontecatini.it\/de\/wp-json\/wp\/v2\/media?parent=1483"}],"curies":[{"name":"wp","href":"https:\/\/api.w.org\/{rel}","templated":true}]}}