{"id":1484,"date":"2015-01-28T15:21:11","date_gmt":"2015-01-28T15:21:11","guid":{"rendered":"http:\/\/www.cibusmontecatini.it\/dessert-2\/"},"modified":"2020-02-18T09:38:23","modified_gmt":"2020-02-18T09:38:23","slug":"dessert-restaurant-montecatini","status":"publish","type":"page","link":"https:\/\/www.cibusmontecatini.it\/de\/dessert-restaurant-montecatini\/","title":{"rendered":"Dessert"},"content":{"rendered":"<div class=\"gk-menu-container\">\n<header class=\"bigtitle\">\n<div><a href=\"https:\/\/www.cibusmontecatini.it\/wp-content\/uploads\/2015\/01\/rosso-small.jpg\"><img decoding=\"async\" loading=\"lazy\" class=\"alignnone size-full wp-image-1178\" src=\"https:\/\/www.cibusmontecatini.it\/wp-content\/uploads\/2015\/01\/rosso-small.jpg\" alt=\"rosso-small\" width=\"85\" height=\"85\" \/><\/a><\/div>\n<h3 class=\"header\">Dessert<\/h3>\n<p>&nbsp;<\/p>\n<p><!--0ed0376c207067a7--><\/header>\n<div class=\"gk-menu-container\">\n<div class=\"gk-cols\" data-cols=\"3\">\n<div>\n<dl>\n<dt>Cheese Cake<\/dt>\n<dd><strong>\u20ac 5,00<\/strong><\/dd>\n<dt>Semifreddo al Cioccolato<\/dt>\n<dd><strong>\u20ac 5,00<\/strong><\/dd>\n<dt>Mousse ai Frutti di Bosco<\/dt>\n<dd><strong>\u20ac 5,00<\/strong><\/dd>\n<dt>Semifreddo al caff\u00e8<\/dt>\n<dd><small><\/small><strong>\u20ac 5,00<\/strong><\/dd>\n<dt>Semifreddo alla fragola<\/dt>\n<dd><small><\/small><strong>\u20ac 5,00<\/strong><\/dd>\n<dt>Panna Cotta<\/dt>\n<dd><small><\/small><strong>\u20ac 5,00<\/strong><\/dd>\n<dt>Tortino al cioccolato<\/dt>\n<dd><small><\/small><strong>\u20ac 5,00<\/strong><\/dd>\n<dt>Duefoglie al Pistacchio<\/dt>\n<dd><small><\/small><strong>\u20ac 5,00<\/strong><\/dd>\n<dt>Affogato al Cioccolato Caldo<\/dt>\n<dd><small><\/small><strong>\u20ac 6,00<\/strong><\/dd>\n<dt>Affogato al Caff\u00e8 &#8211; Ice Caff\u00e8<\/dt>\n<dd><small><\/small><strong>\u20ac 6,00<\/strong><\/dd>\n<dt>Affogato al Liquore<\/dt>\n<dd><small><\/small><strong>\u20ac 7,00<\/strong><\/dd>\n<dt>Fragole con Panna<\/dt>\n<dd><small><\/small><strong>\u20ac 7,00<\/strong><\/dd>\n<dt>Macedonia di Frutta con Gelato<\/dt>\n<dd><small><\/small><strong>\u20ac 7,00<\/strong><\/dd>\n<dt>Macedonia di Frutta<\/dt>\n<dd><small><\/small><strong>\u20ac 5,00<\/strong><\/dd>\n<\/dl>\n<p>&nbsp;<\/p>\n<\/div>\n<div>\n<dl>\n<dt>Tiramis\u00f9<\/dt>\n<dd><small><\/small><strong>\u20ac 5,00<\/strong><\/dd>\n<dt>Crema Catalana<\/dt>\n<dd><strong>\u20ac 5,00<\/strong><\/dd>\n<dt>Torta della Nonna<\/dt>\n<dd><strong>\u20ac 5,00<\/strong><\/dd>\n<dt>Coppa Nocciola<\/dt>\n<dd><small>Gelato alla Crema, Gelato alla Nocciola, Panna<\/small><strong>\u20ac 8,00<\/strong><strong><br \/>\n<\/strong><\/dd>\n<dt>Coppa Saronno<\/dt>\n<dd><small>Gelato alls Nocciola, Caff\u00e8, Panna, Disaronno<\/small><strong>\u20ac 9,00<\/strong><\/dd>\n<dt>Coppa Gelato<\/dt>\n<dd><small>Piccola<\/small><strong>\u20ac 5,00<\/strong><\/dd>\n<dd><small>Media<\/small><strong>\u20ac 6,00<\/strong><\/dd>\n<dd><small>Grande<\/small><strong>\u20ac 8,00<\/strong><\/dd>\n<dt>Cialde di Montecatini con Gelato e Panna<\/dt>\n<dd><small><\/small><strong>\u20ac 8,00<\/strong><\/dd>\n<dt>Frapp\u00e9<\/dt>\n<dd><small><\/small><strong>\u20ac 5,00<\/strong><\/dd>\n<dt>Frullati di Frutta<\/dt>\n<dd><small><\/small><strong>\u20ac 5,00<\/strong><\/dd>\n<dt>Centrifugati di Frutta o Verdura<\/dt>\n<dd><small><\/small><strong>\u20ac 6,00<\/strong><\/dd>\n<dt>Crepes alla Cioccolata<\/dt>\n<dd><small><\/small><strong>\u20ac 4,00<\/strong><\/dd>\n<dt>Crepes alla Marmellata<\/dt>\n<dd><small><\/small><strong>\u20ac 4,00<\/strong><\/dd>\n<\/dl>\n<\/div>\n<div>\n<dl>\n<dt>Coppa Macedonia<\/dt>\n<dd><small>Gelato alla Frutta, Frutta Fresca, Panna<\/small><strong>\u20ac 9,00<\/strong><\/dd>\n<dt>Pizza<\/dt>\n<dd><small>Cialda, Gelato alla Crema, Frutta Fresca, Panna<\/small><strong>\u20ac 9,00<\/strong><\/dd>\n<dt>Coppa Ananas<\/dt>\n<dd><small>Ananas Fresco, Gelato alla Frutta, Panna<\/small><strong>\u20ac 9,00<\/strong><\/dd>\n<dt>Coppa Fragola<\/dt>\n<dd><small>Fragole, Gelato alla Crema, Gelato alla Fragola, Panna<\/small><strong>\u20ac 9,00<\/strong><\/dd>\n<dt>Coppa Cioccolato<\/dt>\n<dd><small>Gelato al Cioccolato, Gelato alla Crema, Panna<\/small><strong>\u20ac 8,00<\/strong><\/dd>\n<dt>Coppa Nocciola<\/dt>\n<dd><small>Gelato alla Crema, Gelato alla Nocciola, Panna<\/small><strong>\u20ac 8,00<\/strong><\/dd>\n<dt>Crema al Caff\u00e8<\/dt>\n<dd><strong>\u20ac 5,00<\/strong><\/dd>\n<dt>Sorbetto al limone<\/dt>\n<dd><strong>\u20ac 5,00<\/strong><\/dd>\n<\/dl>\n<\/div>\n<\/div>\n<\/div>\n<\/div>\n","protected":false},"excerpt":{"rendered":"<p>Dessert &nbsp; Cheese Cake \u20ac 5,00 Semifreddo al Cioccolato \u20ac 5,00 Mousse ai Frutti di Bosco \u20ac 5,00 Semifreddo al caff\u00e8 \u20ac 5,00 Semifreddo alla fragola \u20ac 5,00 Panna Cotta \u20ac 5,00 Tortino al cioccolato \u20ac 5,00 Duefoglie al Pistacchio \u20ac 5,00 Affogato al Cioccolato Caldo \u20ac 6,00 Affogato al Caff\u00e8 &#8211; Ice Caff\u00e8 \u20ac&hellip;<\/p>\n","protected":false},"author":4,"featured_media":1485,"parent":0,"menu_order":0,"comment_status":"closed","ping_status":"closed","template":"template.one-page-wide.php","meta":{"_expiration-date-status":"saved","_expiration-date":0,"_expiration-date-type":"","_expiration-date-categories":[],"_expiration-date-options":[]},"yoast_head":"<!-- This site is optimized with the Yoast SEO plugin v20.1 - https:\/\/yoast.com\/wordpress\/plugins\/seo\/ -->\n<title>dessert cibus restaurant montecatini<\/title>\n<meta name=\"description\" content=\"dessert, Eis, Kuchen, CIBUS Montecatini Terme ist ein Fastfood-Restaurant und modern mit einem gro\u00dfen Garten, ideal f\u00fcr Mittag-und Abendessen f\u00fcr Gruppen oder einen schnellen Imbiss.\" \/>\n<meta name=\"robots\" content=\"index, follow, max-snippet:-1, max-image-preview:large, max-video-preview:-1\" \/>\n<link rel=\"canonical\" href=\"https:\/\/www.cibusmontecatini.it\/de\/dessert-restaurant-montecatini\/\" \/>\n<meta name=\"twitter:label1\" content=\"Gesch\u00e4tzte Lesezeit\" \/>\n\t<meta name=\"twitter:data1\" content=\"1\u00a0Minute\" \/>\n<script type=\"application\/ld+json\" class=\"yoast-schema-graph\">{\"@context\":\"https:\/\/schema.org\",\"@graph\":[{\"@type\":\"WebPage\",\"@id\":\"https:\/\/www.cibusmontecatini.it\/de\/dessert-restaurant-montecatini\/\",\"url\":\"https:\/\/www.cibusmontecatini.it\/de\/dessert-restaurant-montecatini\/\",\"name\":\"dessert cibus restaurant montecatini\",\"isPartOf\":{\"@id\":\"https:\/\/www.cibusmontecatini.it\/#website\"},\"datePublished\":\"2015-01-28T15:21:11+00:00\",\"dateModified\":\"2020-02-18T09:38:23+00:00\",\"description\":\"dessert, Eis, Kuchen, CIBUS Montecatini Terme ist ein Fastfood-Restaurant und modern mit einem gro\u00dfen Garten, ideal f\u00fcr Mittag-und Abendessen f\u00fcr Gruppen oder einen schnellen Imbiss.\",\"breadcrumb\":{\"@id\":\"https:\/\/www.cibusmontecatini.it\/de\/dessert-restaurant-montecatini\/#breadcrumb\"},\"inLanguage\":\"de\",\"potentialAction\":[{\"@type\":\"ReadAction\",\"target\":[\"https:\/\/www.cibusmontecatini.it\/de\/dessert-restaurant-montecatini\/\"]}]},{\"@type\":\"BreadcrumbList\",\"@id\":\"https:\/\/www.cibusmontecatini.it\/de\/dessert-restaurant-montecatini\/#breadcrumb\",\"itemListElement\":[{\"@type\":\"ListItem\",\"position\":1,\"name\":\"Home\",\"item\":\"https:\/\/www.cibusmontecatini.it\/de\/\"},{\"@type\":\"ListItem\",\"position\":2,\"name\":\"Dessert\"}]},{\"@type\":\"WebSite\",\"@id\":\"https:\/\/www.cibusmontecatini.it\/#website\",\"url\":\"https:\/\/www.cibusmontecatini.it\/\",\"name\":\"Cibus Ristorante a Montecatini Terme\",\"description\":\"Bar Gori\",\"potentialAction\":[{\"@type\":\"SearchAction\",\"target\":{\"@type\":\"EntryPoint\",\"urlTemplate\":\"https:\/\/www.cibusmontecatini.it\/?s={search_term_string}\"},\"query-input\":\"required name=search_term_string\"}],\"inLanguage\":\"de\"}]}<\/script>\n<!-- \/ Yoast SEO plugin. -->","yoast_head_json":{"title":"dessert cibus restaurant montecatini","description":"dessert, Eis, Kuchen, CIBUS Montecatini Terme ist ein Fastfood-Restaurant und modern mit einem gro\u00dfen Garten, ideal f\u00fcr Mittag-und Abendessen f\u00fcr Gruppen oder einen schnellen Imbiss.","robots":{"index":"index","follow":"follow","max-snippet":"max-snippet:-1","max-image-preview":"max-image-preview:large","max-video-preview":"max-video-preview:-1"},"canonical":"https:\/\/www.cibusmontecatini.it\/de\/dessert-restaurant-montecatini\/","twitter_misc":{"Gesch\u00e4tzte Lesezeit":"1\u00a0Minute"},"schema":{"@context":"https:\/\/schema.org","@graph":[{"@type":"WebPage","@id":"https:\/\/www.cibusmontecatini.it\/de\/dessert-restaurant-montecatini\/","url":"https:\/\/www.cibusmontecatini.it\/de\/dessert-restaurant-montecatini\/","name":"dessert cibus restaurant montecatini","isPartOf":{"@id":"https:\/\/www.cibusmontecatini.it\/#website"},"datePublished":"2015-01-28T15:21:11+00:00","dateModified":"2020-02-18T09:38:23+00:00","description":"dessert, Eis, Kuchen, CIBUS Montecatini Terme ist ein Fastfood-Restaurant und modern mit einem gro\u00dfen Garten, ideal f\u00fcr Mittag-und Abendessen f\u00fcr Gruppen oder einen schnellen Imbiss.","breadcrumb":{"@id":"https:\/\/www.cibusmontecatini.it\/de\/dessert-restaurant-montecatini\/#breadcrumb"},"inLanguage":"de","potentialAction":[{"@type":"ReadAction","target":["https:\/\/www.cibusmontecatini.it\/de\/dessert-restaurant-montecatini\/"]}]},{"@type":"BreadcrumbList","@id":"https:\/\/www.cibusmontecatini.it\/de\/dessert-restaurant-montecatini\/#breadcrumb","itemListElement":[{"@type":"ListItem","position":1,"name":"Home","item":"https:\/\/www.cibusmontecatini.it\/de\/"},{"@type":"ListItem","position":2,"name":"Dessert"}]},{"@type":"WebSite","@id":"https:\/\/www.cibusmontecatini.it\/#website","url":"https:\/\/www.cibusmontecatini.it\/","name":"Cibus Ristorante a Montecatini Terme","description":"Bar Gori","potentialAction":[{"@type":"SearchAction","target":{"@type":"EntryPoint","urlTemplate":"https:\/\/www.cibusmontecatini.it\/?s={search_term_string}"},"query-input":"required name=search_term_string"}],"inLanguage":"de"}]}},"_links":{"self":[{"href":"https:\/\/www.cibusmontecatini.it\/de\/wp-json\/wp\/v2\/pages\/1484"}],"collection":[{"href":"https:\/\/www.cibusmontecatini.it\/de\/wp-json\/wp\/v2\/pages"}],"about":[{"href":"https:\/\/www.cibusmontecatini.it\/de\/wp-json\/wp\/v2\/types\/page"}],"author":[{"embeddable":true,"href":"https:\/\/www.cibusmontecatini.it\/de\/wp-json\/wp\/v2\/users\/4"}],"replies":[{"embeddable":true,"href":"https:\/\/www.cibusmontecatini.it\/de\/wp-json\/wp\/v2\/comments?post=1484"}],"version-history":[{"count":0,"href":"https:\/\/www.cibusmontecatini.it\/de\/wp-json\/wp\/v2\/pages\/1484\/revisions"}],"wp:featuredmedia":[{"embeddable":true,"href":"https:\/\/www.cibusmontecatini.it\/de\/wp-json\/wp\/v2\/media\/1485"}],"wp:attachment":[{"href":"https:\/\/www.cibusmontecatini.it\/de\/wp-json\/wp\/v2\/media?parent=1484"}],"curies":[{"name":"wp","href":"https:\/\/api.w.org\/{rel}","templated":true}]}}