{"id":1486,"date":"2015-01-28T15:09:11","date_gmt":"2015-01-28T15:09:11","guid":{"rendered":"http:\/\/www.cibusmontecatini.it\/fast-food-2-2\/"},"modified":"2024-02-29T16:01:45","modified_gmt":"2024-02-29T16:01:45","slug":"fast-food-restaurant-montecatini","status":"publish","type":"page","link":"https:\/\/www.cibusmontecatini.it\/de\/fast-food-restaurant-montecatini\/","title":{"rendered":"Fast Food"},"content":{"rendered":"<div class = \"gk-menu-container\">\n<div class = \"gk-cols\" data-cols = \"2\">\n<div>\n<h3>Hamburger<\/h3>\n<dl>\n<dt>Hamburger<\/dt>\n<dd> <small>Hamburger Gr 200 Mayonnaise, Salat, Zwiebel, Ketchup <\/small> <strong>\u20ac 9,00 <\/strong> <\/dd>\n<dt>Cheeseburger<\/dt>\n<dd> <small> Hamburger Gr 200, Mayonnaise, Salat, Ketchup, Fontina <\/small> <strong>\u20ac 9,00 <\/strong> <\/dd>\n<dt>Chickenburger<\/dt>\n<dd> <small> H\u00fchnchen Milanese, Mayonnaise, Salat, Zigeunersauce <\/small> <strong>\u20ac 9,00 <\/strong> <\/dd>\n<dt>Baconburger<\/dt>\n<dd> <small>Hamburger Gr 200, Ketchup, Mayonnaise, Bacon, Salat <\/small> <strong>\u20ac 10,00 <\/strong> <\/dd>\n<dt> Gro\u00dfer Hamburger <\/dt>\n<dd> <small>Hamburger Gr 200 mit Firttekartoffeln <\/small> <strong>\u20ac 11,00 <\/strong> <\/dd>\n<dt>Megaburger<\/dt>\n<dd> <small> 200 gr Hamburger mit 5 M\u00fcslibroten (Pecorinocreme, Rucolasalat, karamellisierte Zwiebeln, Dipperkartoffeln) <\/small> <strong>\u20ac 12,00 <\/strong> <\/dd>\n<dt> Cibus Gro\u00dfer Hamburger <\/dt>\n<dd> <small>Hamburger Gr 200 mit Pommes Frites, Bacon, Fontina, Zwiebel und Paprika <\/small> <strong>\u20ac 13,00 <\/strong> <\/dd>\n<\/dl>\n<p>&#038; nbsp;\n<\/p><\/div>\n<div>\n<h3> Vorspeisen <\/h3>\n<dl>\n<dt>Chips<\/dt>\n<dd> <small>Bratkartoffeln, Saucen<\/small> <strong>\u20ac 3,50<\/strong><\/dd>\n<p><! - \n\n<dt> Chicken Nuggets <\/dt>\n<dd> <small> Chicken Nuggets, Mayonnaise, Ketchup <\/small> <strong>\u20ac 5,00 <\/strong> <\/dd>\n<p> &#8211;><\/p>\n<dt> Mail\u00e4nder H\u00e4hnchenbrust <\/dt>\n<dd> <small> mit Pommes frites <\/small> <strong>\u20ac 11,00 <\/strong> <\/dd>\n<p><! - \n\n<dt> Speckeier <\/dt>\n<dd> <strong>\u20ac 7,00 <\/strong> <\/dd>\n<dt> Speckeier und Pommes frites <\/dt>\n<dd> <strong>\u20ac 9,00<\/strong> <\/dd>\n<p> &#8211;>\n<\/dl>\n<\/div>\n<\/div>\n<\/div>\n<div>\n<p style=\"text-align: center;\">I nostri Hamburger sono composti con carni fresche provenienti da allevamenti italiani<\/p>\n<p style=\"text-align: center;\">Alcuni ingredienti possono essere surgelati<\/p>\n<p style=\"text-align: center;\">Ketchup, Maionese \u20ac 0,50<\/p>\n<\/div>\n","protected":false},"excerpt":{"rendered":"<p>Hamburger Hamburger Hamburger Gr 200 Mayonnaise, Salat, Zwiebel, Ketchup \u20ac 9,00 Cheeseburger Hamburger Gr 200, Mayonnaise, Salat, Ketchup, Fontina \u20ac 9,00 Chickenburger H\u00fchnchen Milanese, Mayonnaise, Salat, Zigeunersauce \u20ac 9,00 Baconburger Hamburger Gr 200, Ketchup, Mayonnaise, Bacon, Salat \u20ac 10,00 Gro\u00dfer Hamburger Hamburger Gr 200 mit Firttekartoffeln \u20ac 11,00 Megaburger 200 gr Hamburger mit 5 M\u00fcslibroten&hellip;<\/p>\n","protected":false},"author":4,"featured_media":989,"parent":0,"menu_order":0,"comment_status":"closed","ping_status":"closed","template":"template.one-page-wide.php","meta":{"_expiration-date-status":"","_expiration-date":0,"_expiration-date-type":"","_expiration-date-categories":[],"_expiration-date-options":[]},"yoast_head":"<!-- This site is optimized with the Yoast SEO plugin v20.1 - https:\/\/yoast.com\/wordpress\/plugins\/seo\/ -->\n<title>fast food cibus restaurant montecatini<\/title>\n<meta name=\"description\" content=\"fast food , hamburger gourmet, CIBUS Montecatini Terme ist ein Fastfood-Restaurant und modern mit einem gro\u00dfen Garten, ideal f\u00fcr Mittag-und Abendessen f\u00fcr Gruppen oder einen schnellen Imbiss.\" \/>\n<meta name=\"robots\" content=\"index, follow, max-snippet:-1, max-image-preview:large, max-video-preview:-1\" \/>\n<link rel=\"canonical\" href=\"https:\/\/www.cibusmontecatini.it\/de\/fast-food-restaurant-montecatini\/\" \/>\n<meta name=\"twitter:label1\" content=\"Gesch\u00e4tzte Lesezeit\" \/>\n\t<meta name=\"twitter:data1\" content=\"1\u00a0Minute\" \/>\n<script type=\"application\/ld+json\" class=\"yoast-schema-graph\">{\"@context\":\"https:\/\/schema.org\",\"@graph\":[{\"@type\":\"WebPage\",\"@id\":\"https:\/\/www.cibusmontecatini.it\/de\/fast-food-restaurant-montecatini\/\",\"url\":\"https:\/\/www.cibusmontecatini.it\/de\/fast-food-restaurant-montecatini\/\",\"name\":\"fast food cibus restaurant montecatini\",\"isPartOf\":{\"@id\":\"https:\/\/www.cibusmontecatini.it\/#website\"},\"datePublished\":\"2015-01-28T15:09:11+00:00\",\"dateModified\":\"2024-02-29T16:01:45+00:00\",\"description\":\"fast food , hamburger gourmet, CIBUS Montecatini Terme ist ein Fastfood-Restaurant und modern mit einem gro\u00dfen Garten, ideal f\u00fcr Mittag-und Abendessen f\u00fcr Gruppen oder einen schnellen Imbiss.\",\"breadcrumb\":{\"@id\":\"https:\/\/www.cibusmontecatini.it\/de\/fast-food-restaurant-montecatini\/#breadcrumb\"},\"inLanguage\":\"de\",\"potentialAction\":[{\"@type\":\"ReadAction\",\"target\":[\"https:\/\/www.cibusmontecatini.it\/de\/fast-food-restaurant-montecatini\/\"]}]},{\"@type\":\"BreadcrumbList\",\"@id\":\"https:\/\/www.cibusmontecatini.it\/de\/fast-food-restaurant-montecatini\/#breadcrumb\",\"itemListElement\":[{\"@type\":\"ListItem\",\"position\":1,\"name\":\"Home\",\"item\":\"https:\/\/www.cibusmontecatini.it\/de\/\"},{\"@type\":\"ListItem\",\"position\":2,\"name\":\"Fast Food\"}]},{\"@type\":\"WebSite\",\"@id\":\"https:\/\/www.cibusmontecatini.it\/#website\",\"url\":\"https:\/\/www.cibusmontecatini.it\/\",\"name\":\"Cibus Ristorante a Montecatini Terme\",\"description\":\"Bar Gori\",\"potentialAction\":[{\"@type\":\"SearchAction\",\"target\":{\"@type\":\"EntryPoint\",\"urlTemplate\":\"https:\/\/www.cibusmontecatini.it\/?s={search_term_string}\"},\"query-input\":\"required name=search_term_string\"}],\"inLanguage\":\"de\"}]}<\/script>\n<!-- \/ Yoast SEO plugin. -->","yoast_head_json":{"title":"fast food cibus restaurant montecatini","description":"fast food , hamburger gourmet, CIBUS Montecatini Terme ist ein Fastfood-Restaurant und modern mit einem gro\u00dfen Garten, ideal f\u00fcr Mittag-und Abendessen f\u00fcr Gruppen oder einen schnellen Imbiss.","robots":{"index":"index","follow":"follow","max-snippet":"max-snippet:-1","max-image-preview":"max-image-preview:large","max-video-preview":"max-video-preview:-1"},"canonical":"https:\/\/www.cibusmontecatini.it\/de\/fast-food-restaurant-montecatini\/","twitter_misc":{"Gesch\u00e4tzte Lesezeit":"1\u00a0Minute"},"schema":{"@context":"https:\/\/schema.org","@graph":[{"@type":"WebPage","@id":"https:\/\/www.cibusmontecatini.it\/de\/fast-food-restaurant-montecatini\/","url":"https:\/\/www.cibusmontecatini.it\/de\/fast-food-restaurant-montecatini\/","name":"fast food cibus restaurant montecatini","isPartOf":{"@id":"https:\/\/www.cibusmontecatini.it\/#website"},"datePublished":"2015-01-28T15:09:11+00:00","dateModified":"2024-02-29T16:01:45+00:00","description":"fast food , hamburger gourmet, CIBUS Montecatini Terme ist ein Fastfood-Restaurant und modern mit einem gro\u00dfen Garten, ideal f\u00fcr Mittag-und Abendessen f\u00fcr Gruppen oder einen schnellen Imbiss.","breadcrumb":{"@id":"https:\/\/www.cibusmontecatini.it\/de\/fast-food-restaurant-montecatini\/#breadcrumb"},"inLanguage":"de","potentialAction":[{"@type":"ReadAction","target":["https:\/\/www.cibusmontecatini.it\/de\/fast-food-restaurant-montecatini\/"]}]},{"@type":"BreadcrumbList","@id":"https:\/\/www.cibusmontecatini.it\/de\/fast-food-restaurant-montecatini\/#breadcrumb","itemListElement":[{"@type":"ListItem","position":1,"name":"Home","item":"https:\/\/www.cibusmontecatini.it\/de\/"},{"@type":"ListItem","position":2,"name":"Fast Food"}]},{"@type":"WebSite","@id":"https:\/\/www.cibusmontecatini.it\/#website","url":"https:\/\/www.cibusmontecatini.it\/","name":"Cibus Ristorante a Montecatini Terme","description":"Bar Gori","potentialAction":[{"@type":"SearchAction","target":{"@type":"EntryPoint","urlTemplate":"https:\/\/www.cibusmontecatini.it\/?s={search_term_string}"},"query-input":"required name=search_term_string"}],"inLanguage":"de"}]}},"_links":{"self":[{"href":"https:\/\/www.cibusmontecatini.it\/de\/wp-json\/wp\/v2\/pages\/1486"}],"collection":[{"href":"https:\/\/www.cibusmontecatini.it\/de\/wp-json\/wp\/v2\/pages"}],"about":[{"href":"https:\/\/www.cibusmontecatini.it\/de\/wp-json\/wp\/v2\/types\/page"}],"author":[{"embeddable":true,"href":"https:\/\/www.cibusmontecatini.it\/de\/wp-json\/wp\/v2\/users\/4"}],"replies":[{"embeddable":true,"href":"https:\/\/www.cibusmontecatini.it\/de\/wp-json\/wp\/v2\/comments?post=1486"}],"version-history":[{"count":2,"href":"https:\/\/www.cibusmontecatini.it\/de\/wp-json\/wp\/v2\/pages\/1486\/revisions"}],"predecessor-version":[{"id":32400,"href":"https:\/\/www.cibusmontecatini.it\/de\/wp-json\/wp\/v2\/pages\/1486\/revisions\/32400"}],"wp:featuredmedia":[{"embeddable":true,"href":"https:\/\/www.cibusmontecatini.it\/de\/wp-json\/wp\/v2\/media\/989"}],"wp:attachment":[{"href":"https:\/\/www.cibusmontecatini.it\/de\/wp-json\/wp\/v2\/media?parent=1486"}],"curies":[{"name":"wp","href":"https:\/\/api.w.org\/{rel}","templated":true}]}}