{"id":1487,"date":"2014-08-26T16:17:01","date_gmt":"2014-08-26T16:17:01","guid":{"rendered":"http:\/\/www.cibusmontecatini.it\/gallery-sed-tincidunt-ac-condimentum-2\/"},"modified":"2015-02-04T16:45:06","modified_gmt":"2015-02-04T16:45:06","slug":"foto-restaurant-montecatini","status":"publish","type":"page","link":"https:\/\/www.cibusmontecatini.it\/de\/foto-restaurant-montecatini\/","title":{"rendered":"Fotogalerie"},"content":{"rendered":"<div class=\"gk-photo gk-photo-center\">\n<p><a href=\"http:\/\/www.cibusmontecatini.it\/wp-content\/uploads\/2014\/08\/hamb.jpg\"><img decoding=\"async\" loading=\"lazy\" class=\"alignnone size-full wp-image-895\" src=\"http:\/\/www.cibusmontecatini.it\/wp-content\/uploads\/2014\/08\/hamb.jpg\" alt=\"hamb\" width=\"995\" height=\"674\" srcset=\"https:\/\/www.cibusmontecatini.it\/wp-content\/uploads\/2014\/08\/hamb.jpg 995w, https:\/\/www.cibusmontecatini.it\/wp-content\/uploads\/2014\/08\/hamb-300x203.jpg 300w\" sizes=\"(max-width: 995px) 100vw, 995px\" \/><\/a><\/p>\n<div class=\"figcaption\">\n<h3>Hamburger Gourmet<\/h3>\n<p><!--Donec sed odio dui. Morbi leo risus, porta ac consectetur ac, vestibulum at eros. Fusce dapibus, tellus ac cursus commodo, tortor mauris condimentum nibh, ut fermentum massa justo sit amet risus. Etiam porta sem malesuada magna mollis euismod.--><\/p>\n<hr class=\"separator\" \/>\n<\/div>\n<\/div>\n<div class=\"gk-photo gk-photo-center\">\n<div><a href=\"http:\/\/www.cibusmontecatini.it\/wp-content\/uploads\/2014\/08\/IMG_0022.jpg\"><img decoding=\"async\" src=\"http:\/\/www.cibusmontecatini.it\/wp-content\/uploads\/2014\/08\/IMG_0022.jpg\" alt=\"Gallery Thumb IV\" \/><\/a><\/div>\n<div class=\"figcaption\">\n<h3>Restaurant<\/h3>\n<hr class=\"separator\" \/>\n<\/div>\n<\/div>\n<div class=\"gk-photo gk-photo-left\">\n<div><a href=\"http:\/\/www.cibusmontecatini.it\/wp-content\/uploads\/2015\/01\/IMG_0053.jpg\"><img decoding=\"async\" src=\"http:\/\/www.cibusmontecatini.it\/wp-content\/uploads\/2015\/01\/IMG_0053.jpg\" alt=\"Gallery Thumb III\" \/><\/a><\/div>\n<div class=\"figcaption\">\n<div><a href=\"http:\/\/www.cibusmontecatini.it\/wp-content\/uploads\/2014\/08\/IMG_0079.jpg\"><img decoding=\"async\" src=\"http:\/\/www.cibusmontecatini.it\/wp-content\/uploads\/2014\/08\/IMG_0079.jpg\" alt=\"Gallery Thumb II\" \/><\/a><\/div>\n<\/div>\n<\/div>\n<div class=\"gk-photo gk-photo-left\">\n<div><a href=\"http:\/\/www.cibusmontecatini.it\/wp-content\/uploads\/2014\/08\/IMG_0089.jpg\"><img decoding=\"async\" src=\"http:\/\/www.cibusmontecatini.it\/wp-content\/uploads\/2014\/08\/IMG_0089.jpg\" alt=\"Gallery Thumb I\" \/><\/a><\/div>\n<div class=\"figcaption\">\n<div><a href=\"http:\/\/www.cibusmontecatini.it\/wp-content\/uploads\/2014\/08\/IMG_0002.jpg\"><img decoding=\"async\" src=\"http:\/\/www.cibusmontecatini.it\/wp-content\/uploads\/2014\/08\/IMG_0002.jpg\" alt=\"Gallery Thumb II\" \/><\/a><\/div>\n<\/div>\n<\/div>\n<div class=\"gk-photo gk-photo-left\">\n<div><a href=\"http:\/\/www.cibusmontecatini.it\/wp-content\/uploads\/2014\/08\/IMG_0025_1.jpg\"><img decoding=\"async\" src=\"http:\/\/www.cibusmontecatini.it\/wp-content\/uploads\/2014\/08\/IMG_0025_1.jpg\" alt=\"Gallery Thumb I\" \/><\/a><\/div>\n<div class=\"figcaption\">\n<div><a href=\"http:\/\/www.cibusmontecatini.it\/wp-content\/uploads\/2014\/08\/IMG_0028_1.jpg\"><img decoding=\"async\" src=\"http:\/\/www.cibusmontecatini.it\/wp-content\/uploads\/2014\/08\/IMG_0028_1.jpg\" alt=\"Gallery Thumb II\" \/><\/a><\/div>\n<\/div>\n<\/div>\n<hr class=\"separator\" \/>\n<div class=\"gk-photo gk-photo-center\">\n<div><a href=\"http:\/\/www.cibusmontecatini.it\/wp-content\/uploads\/2014\/08\/IMG_0003.jpg\"><img decoding=\"async\" src=\"http:\/\/www.cibusmontecatini.it\/wp-content\/uploads\/2014\/08\/IMG_0003.jpg\" alt=\"Gallery Thumb IV\" \/><\/a><\/div>\n<div class=\"figcaption\">\n<h3>Pizzeria<\/h3>\n<hr class=\"separator\" \/>\n<\/div>\n<\/div>\n<div class=\"gk-photo gk-photo-left\">\n<div><a href=\"http:\/\/www.cibusmontecatini.it\/wp-content\/uploads\/2014\/08\/IMG_0004_1.jpg\"><img decoding=\"async\" src=\"http:\/\/www.cibusmontecatini.it\/wp-content\/uploads\/2014\/08\/IMG_0004_1.jpg\" alt=\"Gallery Thumb III\" \/><\/a><\/div>\n<div class=\"figcaption\">\n<div><a href=\"http:\/\/www.cibusmontecatini.it\/wp-content\/uploads\/2014\/08\/IMG_0005_1.jpg\"><img decoding=\"async\" src=\"http:\/\/www.cibusmontecatini.it\/wp-content\/uploads\/2014\/08\/IMG_0005_1.jpg\" alt=\"Gallery Thumb II\" \/><\/a><\/div>\n<\/div>\n<\/div>\n<div class=\"gk-photo gk-photo-left\">\n<div><a href=\"http:\/\/www.cibusmontecatini.it\/wp-content\/uploads\/2014\/08\/IMG_0006.jpg\"><img decoding=\"async\" src=\"http:\/\/www.cibusmontecatini.it\/wp-content\/uploads\/2014\/08\/IMG_0006.jpg\" alt=\"Gallery Thumb I\" \/><\/a><\/div>\n<div class=\"figcaption\">\n<div><a href=\"http:\/\/www.cibusmontecatini.it\/wp-content\/uploads\/2014\/08\/IMG_0033.jpg\"><img decoding=\"async\" src=\"http:\/\/www.cibusmontecatini.it\/wp-content\/uploads\/2014\/08\/IMG_0033.jpg\" alt=\"Gallery Thumb II\" \/><\/a><\/div>\n<\/div>\n<\/div>\n<hr class=\"separator\" \/>\n<div class=\"gk-photo gk-photo-center\">\n<div><a href=\"http:\/\/www.cibusmontecatini.it\/wp-content\/uploads\/2014\/08\/IMG_0048.jpg\"><img decoding=\"async\" src=\"http:\/\/www.cibusmontecatini.it\/wp-content\/uploads\/2014\/08\/IMG_0048.jpg\" alt=\"Gallery Thumb IV\" \/><\/a><\/div>\n<div class=\"figcaption\">\n<h3>Salate<\/h3>\n<hr class=\"separator\" \/>\n<\/div>\n<\/div>\n<div class=\"gk-photo gk-photo-left\">\n<div><a href=\"http:\/\/www.cibusmontecatini.it\/wp-content\/uploads\/2014\/08\/IMG_0044.jpg\"><img decoding=\"async\" src=\"http:\/\/www.cibusmontecatini.it\/wp-content\/uploads\/2014\/08\/IMG_0044.jpg\" alt=\"Gallery Thumb III\" \/><\/a><\/div>\n<div class=\"figcaption\">\n<div><a href=\"http:\/\/www.cibusmontecatini.it\/wp-content\/uploads\/2014\/08\/IMG_0065.jpg\"><img decoding=\"async\" src=\"http:\/\/www.cibusmontecatini.it\/wp-content\/uploads\/2014\/08\/IMG_0065.jpg\" alt=\"Gallery Thumb II\" \/><\/a><\/div>\n<\/div>\n<\/div>\n<div class=\"gk-photo gk-photo-left\">\n<div><a href=\"http:\/\/www.cibusmontecatini.it\/wp-content\/uploads\/2014\/08\/IMG_0072.jpg\"><img decoding=\"async\" src=\"http:\/\/www.cibusmontecatini.it\/wp-content\/uploads\/2014\/08\/IMG_0072.jpg\" alt=\"Gallery Thumb I\" \/><\/a><\/div>\n<div class=\"figcaption\">\n<div><a href=\"http:\/\/www.cibusmontecatini.it\/wp-content\/uploads\/2014\/08\/IMG_0074.jpg\"><img decoding=\"async\" src=\"http:\/\/www.cibusmontecatini.it\/wp-content\/uploads\/2014\/08\/IMG_0074.jpg\" alt=\"Gallery Thumb II\" \/><\/a><\/div>\n<\/div>\n<\/div>\n<hr class=\"separator\" \/>\n<div class=\"gk-photo gk-photo-center\">\n<div><a href=\"http:\/\/www.cibusmontecatini.it\/wp-content\/uploads\/2014\/08\/IMG_04751.jpg\"><img decoding=\"async\" src=\"http:\/\/www.cibusmontecatini.it\/wp-content\/uploads\/2014\/08\/IMG_04751.jpg\" alt=\"Gallery Thumb IV\" \/><\/a><\/div>\n<div class=\"figcaption\">\n<h3>Cibus Bar Gori<\/h3>\n<hr class=\"separator\" \/>\n<\/div>\n<\/div>\n<div class=\"gk-photo gk-photo-left\">\n<div><a href=\"http:\/\/www.cibusmontecatini.it\/wp-content\/uploads\/2014\/08\/IMG_0431.png\"><img decoding=\"async\" src=\"http:\/\/www.cibusmontecatini.it\/wp-content\/uploads\/2014\/08\/IMG_0431.png\" alt=\"Gallery Thumb III\" \/><\/a><\/div>\n<div class=\"figcaption\">\n<div><a href=\"http:\/\/www.cibusmontecatini.it\/wp-content\/uploads\/2014\/08\/IMG_0437.jpg\"><img decoding=\"async\" src=\"http:\/\/www.cibusmontecatini.it\/wp-content\/uploads\/2014\/08\/IMG_0437.jpg\" alt=\"Gallery Thumb II\" \/><\/a><\/div>\n<\/div>\n<\/div>\n<div class=\"gk-photo gk-photo-left\">\n<div><a href=\"http:\/\/www.cibusmontecatini.it\/wp-content\/uploads\/2014\/08\/IMG_0448.jpg\"><img decoding=\"async\" src=\"http:\/\/www.cibusmontecatini.it\/wp-content\/uploads\/2014\/08\/IMG_0448.jpg\" alt=\"Gallery Thumb I\" \/><\/a><\/div>\n<div class=\"figcaption\">\n<div><a href=\"http:\/\/www.cibusmontecatini.it\/wp-content\/uploads\/2014\/08\/IMG_0431-b.jpg\"><img decoding=\"async\" src=\"http:\/\/www.cibusmontecatini.it\/wp-content\/uploads\/2014\/08\/IMG_0431-b.jpg\" alt=\"Gallery Thumb II\" \/><\/a><\/div>\n<\/div>\n<\/div>\n<hr class=\"separator\" \/>\n","protected":false},"excerpt":{"rendered":"<p>Hamburger Gourmet Restaurant Pizzeria Salate Cibus Bar Gori&hellip;<\/p>\n","protected":false},"author":3,"featured_media":0,"parent":0,"menu_order":0,"comment_status":"closed","ping_status":"closed","template":"template.one-page.php","meta":{"_expiration-date-status":"","_expiration-date":0,"_expiration-date-type":"","_expiration-date-categories":[],"_expiration-date-options":[]},"yoast_head":"<!-- This site is optimized with the Yoast SEO plugin v20.1 - https:\/\/yoast.com\/wordpress\/plugins\/seo\/ -->\n<title>foto cibus restaurant montecatini<\/title>\n<meta name=\"description\" content=\"CIBUS Montecatini Terme ist ein Fastfood-Restaurant und modern mit einem gro\u00dfen Garten, ideal f\u00fcr Mittag-und Abendessen f\u00fcr Gruppen oder einen schnellen Imbiss.\" \/>\n<meta name=\"robots\" content=\"index, follow, max-snippet:-1, max-image-preview:large, max-video-preview:-1\" \/>\n<link rel=\"canonical\" href=\"https:\/\/www.cibusmontecatini.it\/de\/foto-restaurant-montecatini\/\" \/>\n<script type=\"application\/ld+json\" class=\"yoast-schema-graph\">{\"@context\":\"https:\/\/schema.org\",\"@graph\":[{\"@type\":\"WebPage\",\"@id\":\"https:\/\/www.cibusmontecatini.it\/de\/foto-restaurant-montecatini\/\",\"url\":\"https:\/\/www.cibusmontecatini.it\/de\/foto-restaurant-montecatini\/\",\"name\":\"foto cibus restaurant montecatini\",\"isPartOf\":{\"@id\":\"https:\/\/www.cibusmontecatini.it\/#website\"},\"datePublished\":\"2014-08-26T16:17:01+00:00\",\"dateModified\":\"2015-02-04T16:45:06+00:00\",\"description\":\"CIBUS Montecatini Terme ist ein Fastfood-Restaurant und modern mit einem gro\u00dfen Garten, ideal f\u00fcr Mittag-und Abendessen f\u00fcr Gruppen oder einen schnellen Imbiss.\",\"breadcrumb\":{\"@id\":\"https:\/\/www.cibusmontecatini.it\/de\/foto-restaurant-montecatini\/#breadcrumb\"},\"inLanguage\":\"de\",\"potentialAction\":[{\"@type\":\"ReadAction\",\"target\":[\"https:\/\/www.cibusmontecatini.it\/de\/foto-restaurant-montecatini\/\"]}]},{\"@type\":\"BreadcrumbList\",\"@id\":\"https:\/\/www.cibusmontecatini.it\/de\/foto-restaurant-montecatini\/#breadcrumb\",\"itemListElement\":[{\"@type\":\"ListItem\",\"position\":1,\"name\":\"Home\",\"item\":\"https:\/\/www.cibusmontecatini.it\/de\/\"},{\"@type\":\"ListItem\",\"position\":2,\"name\":\"Fotogalerie\"}]},{\"@type\":\"WebSite\",\"@id\":\"https:\/\/www.cibusmontecatini.it\/#website\",\"url\":\"https:\/\/www.cibusmontecatini.it\/\",\"name\":\"Cibus Ristorante a Montecatini Terme\",\"description\":\"Bar Gori\",\"potentialAction\":[{\"@type\":\"SearchAction\",\"target\":{\"@type\":\"EntryPoint\",\"urlTemplate\":\"https:\/\/www.cibusmontecatini.it\/?s={search_term_string}\"},\"query-input\":\"required name=search_term_string\"}],\"inLanguage\":\"de\"}]}<\/script>\n<!-- \/ Yoast SEO plugin. -->","yoast_head_json":{"title":"foto cibus restaurant montecatini","description":"CIBUS Montecatini Terme ist ein Fastfood-Restaurant und modern mit einem gro\u00dfen Garten, ideal f\u00fcr Mittag-und Abendessen f\u00fcr Gruppen oder einen schnellen Imbiss.","robots":{"index":"index","follow":"follow","max-snippet":"max-snippet:-1","max-image-preview":"max-image-preview:large","max-video-preview":"max-video-preview:-1"},"canonical":"https:\/\/www.cibusmontecatini.it\/de\/foto-restaurant-montecatini\/","schema":{"@context":"https:\/\/schema.org","@graph":[{"@type":"WebPage","@id":"https:\/\/www.cibusmontecatini.it\/de\/foto-restaurant-montecatini\/","url":"https:\/\/www.cibusmontecatini.it\/de\/foto-restaurant-montecatini\/","name":"foto cibus restaurant montecatini","isPartOf":{"@id":"https:\/\/www.cibusmontecatini.it\/#website"},"datePublished":"2014-08-26T16:17:01+00:00","dateModified":"2015-02-04T16:45:06+00:00","description":"CIBUS Montecatini Terme ist ein Fastfood-Restaurant und modern mit einem gro\u00dfen Garten, ideal f\u00fcr Mittag-und Abendessen f\u00fcr Gruppen oder einen schnellen Imbiss.","breadcrumb":{"@id":"https:\/\/www.cibusmontecatini.it\/de\/foto-restaurant-montecatini\/#breadcrumb"},"inLanguage":"de","potentialAction":[{"@type":"ReadAction","target":["https:\/\/www.cibusmontecatini.it\/de\/foto-restaurant-montecatini\/"]}]},{"@type":"BreadcrumbList","@id":"https:\/\/www.cibusmontecatini.it\/de\/foto-restaurant-montecatini\/#breadcrumb","itemListElement":[{"@type":"ListItem","position":1,"name":"Home","item":"https:\/\/www.cibusmontecatini.it\/de\/"},{"@type":"ListItem","position":2,"name":"Fotogalerie"}]},{"@type":"WebSite","@id":"https:\/\/www.cibusmontecatini.it\/#website","url":"https:\/\/www.cibusmontecatini.it\/","name":"Cibus Ristorante a Montecatini Terme","description":"Bar Gori","potentialAction":[{"@type":"SearchAction","target":{"@type":"EntryPoint","urlTemplate":"https:\/\/www.cibusmontecatini.it\/?s={search_term_string}"},"query-input":"required name=search_term_string"}],"inLanguage":"de"}]}},"_links":{"self":[{"href":"https:\/\/www.cibusmontecatini.it\/de\/wp-json\/wp\/v2\/pages\/1487"}],"collection":[{"href":"https:\/\/www.cibusmontecatini.it\/de\/wp-json\/wp\/v2\/pages"}],"about":[{"href":"https:\/\/www.cibusmontecatini.it\/de\/wp-json\/wp\/v2\/types\/page"}],"author":[{"embeddable":true,"href":"https:\/\/www.cibusmontecatini.it\/de\/wp-json\/wp\/v2\/users\/3"}],"replies":[{"embeddable":true,"href":"https:\/\/www.cibusmontecatini.it\/de\/wp-json\/wp\/v2\/comments?post=1487"}],"version-history":[{"count":0,"href":"https:\/\/www.cibusmontecatini.it\/de\/wp-json\/wp\/v2\/pages\/1487\/revisions"}],"wp:attachment":[{"href":"https:\/\/www.cibusmontecatini.it\/de\/wp-json\/wp\/v2\/media?parent=1487"}],"curies":[{"name":"wp","href":"https:\/\/api.w.org\/{rel}","templated":true}]}}