{"id":1557,"date":"2014-07-21T12:24:49","date_gmt":"2014-07-21T12:24:49","guid":{"rendered":"http:\/\/www.cibusmontecatini.it\/frontpage\/become-our-sponsor\/"},"modified":"2015-02-05T16:51:14","modified_gmt":"2015-02-05T16:51:14","slug":"become-our-sponsor","status":"publish","type":"page","link":"https:\/\/www.cibusmontecatini.it\/de\/become-our-sponsor\/","title":{"rendered":"Nutzer Kommentare"},"content":{"rendered":"<div class=\"gk-testimonials\" data-amount=\"2\">\n<div>\n<div>\n<blockquote><p>\n<strong>\u201cImmer wieder gerne\u201d<\/strong><\/br><\/p>\n<p>&#8230;Wir waren wieder hier essen.denn es geht zu jeder tageszeit bis sp\u00e4t nachts.<br \/>\nbedienung immer flott unterwegs.herrliche gnocchettini mit r\u00e4ucherk\u00e4se und<br \/>\nspeck bekommen.bier vom fass und zum abschluss den guten cafe doppio.<br \/>\nlokal war gesteckt voll.trotzdem haben alle in angemessener zeit frisch zubereitetes<br \/>\nessen bekommen.die kellnerin hat uns auch wiedererkannt.sie war lustig und freundlich. die tische werden nach jedem gast gereinigt und neu gedeckt.<br \/>\nBis zum n\u00e4chsten mal<\/p>\n<\/blockquote>\n<blockquote><p>\n<strong>\u201cEssen zu jeder zeit m\u00f6glich\u201d<\/strong><\/br><\/p>\n<p>Wir kommen gerne in dieses restaurant.<br \/>\nMan kann hier ab mittag essen bekommen durchgehend bis 23 uhr,was eher f\u00fcr italien ungew\u00f6hnlich ist.wir kamen im durchschnitt um 16 uhr zum essen.bisher war das essen immer zufriedenstellen und relativ schnell am tisch.fast immer freundliches personal. Bezahlt wird an der kassa. Es wird kein coperti verrechnet.<br \/>\nAusserdem sind die preise im normalbereich.<br \/>\nwir kommen sicher wieder.<\/p>\n<\/div>\n<\/div>\n<div><a href=\"https:\/\/www.cibusmontecatini.it\/de\/informationen-restaurant-montecatini\/\" class=\"button button-border\">Informationen anfrage<\/a><\/div>\n<\/div>\n","protected":false},"excerpt":{"rendered":"<p>\u201cImmer wieder gerne\u201d &#8230;Wir waren wieder hier essen.denn es geht zu jeder tageszeit bis sp\u00e4t nachts. bedienung immer flott unterwegs.herrliche gnocchettini mit r\u00e4ucherk\u00e4se und speck bekommen.bier vom fass und zum abschluss den guten cafe doppio. lokal war gesteckt voll.trotzdem haben alle in angemessener zeit frisch zubereitetes essen bekommen.die kellnerin hat uns auch wiedererkannt.sie war lustig&hellip;<\/p>\n","protected":false},"author":3,"featured_media":0,"parent":0,"menu_order":3,"comment_status":"closed","ping_status":"closed","template":"","meta":{"_expiration-date-status":"","_expiration-date":0,"_expiration-date-type":"","_expiration-date-categories":[],"_expiration-date-options":[]},"yoast_head":"<!-- This site is optimized with the Yoast SEO plugin v20.1 - https:\/\/yoast.com\/wordpress\/plugins\/seo\/ -->\n<title>Nutzer Kommentare - Cibus Ristorante a Montecatini Terme<\/title>\n<meta name=\"robots\" content=\"index, follow, max-snippet:-1, max-image-preview:large, max-video-preview:-1\" \/>\n<link rel=\"canonical\" href=\"https:\/\/www.cibusmontecatini.it\/de\/become-our-sponsor\/\" \/>\n<meta name=\"twitter:label1\" content=\"Gesch\u00e4tzte Lesezeit\" \/>\n\t<meta name=\"twitter:data1\" content=\"1\u00a0Minute\" \/>\n<script type=\"application\/ld+json\" class=\"yoast-schema-graph\">{\"@context\":\"https:\/\/schema.org\",\"@graph\":[{\"@type\":\"WebPage\",\"@id\":\"https:\/\/www.cibusmontecatini.it\/de\/become-our-sponsor\/\",\"url\":\"https:\/\/www.cibusmontecatini.it\/de\/become-our-sponsor\/\",\"name\":\"Nutzer Kommentare - Cibus Ristorante a Montecatini Terme\",\"isPartOf\":{\"@id\":\"https:\/\/www.cibusmontecatini.it\/#website\"},\"datePublished\":\"2014-07-21T12:24:49+00:00\",\"dateModified\":\"2015-02-05T16:51:14+00:00\",\"breadcrumb\":{\"@id\":\"https:\/\/www.cibusmontecatini.it\/de\/become-our-sponsor\/#breadcrumb\"},\"inLanguage\":\"de\",\"potentialAction\":[{\"@type\":\"ReadAction\",\"target\":[\"https:\/\/www.cibusmontecatini.it\/de\/become-our-sponsor\/\"]}]},{\"@type\":\"BreadcrumbList\",\"@id\":\"https:\/\/www.cibusmontecatini.it\/de\/become-our-sponsor\/#breadcrumb\",\"itemListElement\":[{\"@type\":\"ListItem\",\"position\":1,\"name\":\"Home\",\"item\":\"https:\/\/www.cibusmontecatini.it\/de\/\"},{\"@type\":\"ListItem\",\"position\":2,\"name\":\"Nutzer Kommentare\"}]},{\"@type\":\"WebSite\",\"@id\":\"https:\/\/www.cibusmontecatini.it\/#website\",\"url\":\"https:\/\/www.cibusmontecatini.it\/\",\"name\":\"Cibus Ristorante a Montecatini Terme\",\"description\":\"Bar Gori\",\"potentialAction\":[{\"@type\":\"SearchAction\",\"target\":{\"@type\":\"EntryPoint\",\"urlTemplate\":\"https:\/\/www.cibusmontecatini.it\/?s={search_term_string}\"},\"query-input\":\"required name=search_term_string\"}],\"inLanguage\":\"de\"}]}<\/script>\n<!-- \/ Yoast SEO plugin. -->","yoast_head_json":{"title":"Nutzer Kommentare - Cibus Ristorante a Montecatini Terme","robots":{"index":"index","follow":"follow","max-snippet":"max-snippet:-1","max-image-preview":"max-image-preview:large","max-video-preview":"max-video-preview:-1"},"canonical":"https:\/\/www.cibusmontecatini.it\/de\/become-our-sponsor\/","twitter_misc":{"Gesch\u00e4tzte Lesezeit":"1\u00a0Minute"},"schema":{"@context":"https:\/\/schema.org","@graph":[{"@type":"WebPage","@id":"https:\/\/www.cibusmontecatini.it\/de\/become-our-sponsor\/","url":"https:\/\/www.cibusmontecatini.it\/de\/become-our-sponsor\/","name":"Nutzer Kommentare - Cibus Ristorante a Montecatini Terme","isPartOf":{"@id":"https:\/\/www.cibusmontecatini.it\/#website"},"datePublished":"2014-07-21T12:24:49+00:00","dateModified":"2015-02-05T16:51:14+00:00","breadcrumb":{"@id":"https:\/\/www.cibusmontecatini.it\/de\/become-our-sponsor\/#breadcrumb"},"inLanguage":"de","potentialAction":[{"@type":"ReadAction","target":["https:\/\/www.cibusmontecatini.it\/de\/become-our-sponsor\/"]}]},{"@type":"BreadcrumbList","@id":"https:\/\/www.cibusmontecatini.it\/de\/become-our-sponsor\/#breadcrumb","itemListElement":[{"@type":"ListItem","position":1,"name":"Home","item":"https:\/\/www.cibusmontecatini.it\/de\/"},{"@type":"ListItem","position":2,"name":"Nutzer Kommentare"}]},{"@type":"WebSite","@id":"https:\/\/www.cibusmontecatini.it\/#website","url":"https:\/\/www.cibusmontecatini.it\/","name":"Cibus Ristorante a Montecatini Terme","description":"Bar Gori","potentialAction":[{"@type":"SearchAction","target":{"@type":"EntryPoint","urlTemplate":"https:\/\/www.cibusmontecatini.it\/?s={search_term_string}"},"query-input":"required name=search_term_string"}],"inLanguage":"de"}]}},"_links":{"self":[{"href":"https:\/\/www.cibusmontecatini.it\/de\/wp-json\/wp\/v2\/pages\/1557"}],"collection":[{"href":"https:\/\/www.cibusmontecatini.it\/de\/wp-json\/wp\/v2\/pages"}],"about":[{"href":"https:\/\/www.cibusmontecatini.it\/de\/wp-json\/wp\/v2\/types\/page"}],"author":[{"embeddable":true,"href":"https:\/\/www.cibusmontecatini.it\/de\/wp-json\/wp\/v2\/users\/3"}],"replies":[{"embeddable":true,"href":"https:\/\/www.cibusmontecatini.it\/de\/wp-json\/wp\/v2\/comments?post=1557"}],"version-history":[{"count":0,"href":"https:\/\/www.cibusmontecatini.it\/de\/wp-json\/wp\/v2\/pages\/1557\/revisions"}],"wp:attachment":[{"href":"https:\/\/www.cibusmontecatini.it\/de\/wp-json\/wp\/v2\/media?parent=1557"}],"curies":[{"name":"wp","href":"https:\/\/api.w.org\/{rel}","templated":true}]}}