{"id":1564,"date":"2015-01-28T15:04:31","date_gmt":"2015-01-28T15:04:31","guid":{"rendered":"http:\/\/www.cibusmontecatini.it\/insalatone-2\/"},"modified":"2024-02-29T15:57:20","modified_gmt":"2024-02-29T15:57:20","slug":"salate-restaurant-montecatini","status":"publish","type":"page","link":"https:\/\/www.cibusmontecatini.it\/de\/salate-restaurant-montecatini\/","title":{"rendered":"Salate"},"content":{"rendered":"<div class=\"gk-menu-container\" style=\"margin-top: 30px;\">\n<div class=\"gk-cols\" data-cols=\"3\">\n<div>\n<dl>\n<dt>Insalata Nizzarda<\/dt>\n<dd><small>Gem. Salat, Tomaten, Thunfisch, Ei, Oliven<\/small><strong>\u20ac 12,00<\/strong><\/dd>\n<dt>Caprese di Bufala<\/dt>\n<dd><small>Buffelk\u00e4se, Tomaten, Oregano<\/small><strong>\u20ac 12,00<\/strong><\/dd>\n<dt><\/dt>\n<dt><\/dt>\n<dt><\/dt>\n<\/dl>\n<p>&nbsp;<\/p>\n<\/div>\n<div>\n<dl>\n<dt><\/dt>\n<dt>Insalatona Greca<\/dt>\n<dd><small>Gem. Salat, K\u00e4se, Tomaten, Paprikaschoten, Mais, Gurken <\/small><strong>\u20ac 13,00<\/strong><\/dd>\n<dt>Insalata di Pollo<\/dt>\n<dd><small>Gem. Salat, Mozzarella, Oliven, Hahnchenbrust<\/small><strong>\u20ac 13,00<\/strong><\/dd>\n<dt><\/dt>\n<dt><\/dt>\n<dt><\/dt>\n<\/dl>\n<\/div>\n<div>\n<dl>\n<dt>Insalatona Catalana<\/dt>\n<dd><small>Gemischter Salat, Tomaten, Karotten, Sellerie, Fenchel, Tintenfisch, Krake, Krabben<\/small><strong>\u20ac 14,00<\/strong><\/dd>\n<dt>Insalatona Amalfi<\/dt>\n<dd><small>Gemischte Salat, Kopfsalat, Oliven, Tomaten, Thunfish, Mozzarella K\u00e4se<\/small><strong>\u20ac 12,00<\/strong><\/dd>\n<dt><\/dt>\n<dt><\/dt>\n<dt><\/dt>\n<\/dl>\n<\/div>\n<\/div>\n<\/div>\n<div>\n<p>Einige Produkte k\u00f6nnen eingefroren werden<\/p>\n<\/div>\n<div>\n<p>Ketchup, Mayonnaise \u20ac 0,50<\/p>\n<\/div>\n<div>\n<p>\u00d6l und Brot \u20ac 1,50<\/p>\n<\/div>\n<div>\n<p>Aufgeteilte Salat \u20ac 1,50<\/p>\n<\/div>\n","protected":false},"excerpt":{"rendered":"<p>Insalata Nizzarda Gem. Salat, Tomaten, Thunfisch, Ei, Oliven\u20ac 12,00 Caprese di Bufala Buffelk\u00e4se, Tomaten, Oregano\u20ac 12,00 &nbsp; Insalatona Greca Gem. Salat, K\u00e4se, Tomaten, Paprikaschoten, Mais, Gurken \u20ac 13,00 Insalata di Pollo Gem. Salat, Mozzarella, Oliven, Hahnchenbrust\u20ac 13,00 Insalatona Catalana Gemischter Salat, Tomaten, Karotten, Sellerie, Fenchel, Tintenfisch, Krake, Krabben\u20ac 14,00 Insalatona Amalfi Gemischte Salat, Kopfsalat, Oliven,&hellip;<\/p>\n","protected":false},"author":4,"featured_media":1565,"parent":0,"menu_order":0,"comment_status":"closed","ping_status":"closed","template":"template.one-page-wide.php","meta":{"_expiration-date-status":"","_expiration-date":0,"_expiration-date-type":"","_expiration-date-categories":[],"_expiration-date-options":[]},"yoast_head":"<!-- This site is optimized with the Yoast SEO plugin v20.1 - https:\/\/yoast.com\/wordpress\/plugins\/seo\/ -->\n<title>salate cibus restaurant montecatini<\/title>\n<meta name=\"description\" content=\"salate, CIBUS Montecatini Terme ist ein Fastfood-Restaurant und modern mit einem gro\u00dfen Garten, ideal f\u00fcr Mittag-und Abendessen f\u00fcr Gruppen oder einen schnellen Imbiss.\" \/>\n<meta name=\"robots\" content=\"index, follow, max-snippet:-1, max-image-preview:large, max-video-preview:-1\" \/>\n<link rel=\"canonical\" href=\"https:\/\/www.cibusmontecatini.it\/de\/salate-restaurant-montecatini\/\" \/>\n<meta name=\"twitter:label1\" content=\"Gesch\u00e4tzte Lesezeit\" \/>\n\t<meta name=\"twitter:data1\" content=\"1\u00a0Minute\" \/>\n<script type=\"application\/ld+json\" class=\"yoast-schema-graph\">{\"@context\":\"https:\/\/schema.org\",\"@graph\":[{\"@type\":\"WebPage\",\"@id\":\"https:\/\/www.cibusmontecatini.it\/de\/salate-restaurant-montecatini\/\",\"url\":\"https:\/\/www.cibusmontecatini.it\/de\/salate-restaurant-montecatini\/\",\"name\":\"salate cibus restaurant montecatini\",\"isPartOf\":{\"@id\":\"https:\/\/www.cibusmontecatini.it\/#website\"},\"datePublished\":\"2015-01-28T15:04:31+00:00\",\"dateModified\":\"2024-02-29T15:57:20+00:00\",\"description\":\"salate, CIBUS Montecatini Terme ist ein Fastfood-Restaurant und modern mit einem gro\u00dfen Garten, ideal f\u00fcr Mittag-und Abendessen f\u00fcr Gruppen oder einen schnellen Imbiss.\",\"breadcrumb\":{\"@id\":\"https:\/\/www.cibusmontecatini.it\/de\/salate-restaurant-montecatini\/#breadcrumb\"},\"inLanguage\":\"de\",\"potentialAction\":[{\"@type\":\"ReadAction\",\"target\":[\"https:\/\/www.cibusmontecatini.it\/de\/salate-restaurant-montecatini\/\"]}]},{\"@type\":\"BreadcrumbList\",\"@id\":\"https:\/\/www.cibusmontecatini.it\/de\/salate-restaurant-montecatini\/#breadcrumb\",\"itemListElement\":[{\"@type\":\"ListItem\",\"position\":1,\"name\":\"Home\",\"item\":\"https:\/\/www.cibusmontecatini.it\/de\/\"},{\"@type\":\"ListItem\",\"position\":2,\"name\":\"Salate\"}]},{\"@type\":\"WebSite\",\"@id\":\"https:\/\/www.cibusmontecatini.it\/#website\",\"url\":\"https:\/\/www.cibusmontecatini.it\/\",\"name\":\"Cibus Ristorante a Montecatini Terme\",\"description\":\"Bar Gori\",\"potentialAction\":[{\"@type\":\"SearchAction\",\"target\":{\"@type\":\"EntryPoint\",\"urlTemplate\":\"https:\/\/www.cibusmontecatini.it\/?s={search_term_string}\"},\"query-input\":\"required name=search_term_string\"}],\"inLanguage\":\"de\"}]}<\/script>\n<!-- \/ Yoast SEO plugin. -->","yoast_head_json":{"title":"salate cibus restaurant montecatini","description":"salate, CIBUS Montecatini Terme ist ein Fastfood-Restaurant und modern mit einem gro\u00dfen Garten, ideal f\u00fcr Mittag-und Abendessen f\u00fcr Gruppen oder einen schnellen Imbiss.","robots":{"index":"index","follow":"follow","max-snippet":"max-snippet:-1","max-image-preview":"max-image-preview:large","max-video-preview":"max-video-preview:-1"},"canonical":"https:\/\/www.cibusmontecatini.it\/de\/salate-restaurant-montecatini\/","twitter_misc":{"Gesch\u00e4tzte Lesezeit":"1\u00a0Minute"},"schema":{"@context":"https:\/\/schema.org","@graph":[{"@type":"WebPage","@id":"https:\/\/www.cibusmontecatini.it\/de\/salate-restaurant-montecatini\/","url":"https:\/\/www.cibusmontecatini.it\/de\/salate-restaurant-montecatini\/","name":"salate cibus restaurant montecatini","isPartOf":{"@id":"https:\/\/www.cibusmontecatini.it\/#website"},"datePublished":"2015-01-28T15:04:31+00:00","dateModified":"2024-02-29T15:57:20+00:00","description":"salate, CIBUS Montecatini Terme ist ein Fastfood-Restaurant und modern mit einem gro\u00dfen Garten, ideal f\u00fcr Mittag-und Abendessen f\u00fcr Gruppen oder einen schnellen Imbiss.","breadcrumb":{"@id":"https:\/\/www.cibusmontecatini.it\/de\/salate-restaurant-montecatini\/#breadcrumb"},"inLanguage":"de","potentialAction":[{"@type":"ReadAction","target":["https:\/\/www.cibusmontecatini.it\/de\/salate-restaurant-montecatini\/"]}]},{"@type":"BreadcrumbList","@id":"https:\/\/www.cibusmontecatini.it\/de\/salate-restaurant-montecatini\/#breadcrumb","itemListElement":[{"@type":"ListItem","position":1,"name":"Home","item":"https:\/\/www.cibusmontecatini.it\/de\/"},{"@type":"ListItem","position":2,"name":"Salate"}]},{"@type":"WebSite","@id":"https:\/\/www.cibusmontecatini.it\/#website","url":"https:\/\/www.cibusmontecatini.it\/","name":"Cibus Ristorante a Montecatini Terme","description":"Bar Gori","potentialAction":[{"@type":"SearchAction","target":{"@type":"EntryPoint","urlTemplate":"https:\/\/www.cibusmontecatini.it\/?s={search_term_string}"},"query-input":"required name=search_term_string"}],"inLanguage":"de"}]}},"_links":{"self":[{"href":"https:\/\/www.cibusmontecatini.it\/de\/wp-json\/wp\/v2\/pages\/1564"}],"collection":[{"href":"https:\/\/www.cibusmontecatini.it\/de\/wp-json\/wp\/v2\/pages"}],"about":[{"href":"https:\/\/www.cibusmontecatini.it\/de\/wp-json\/wp\/v2\/types\/page"}],"author":[{"embeddable":true,"href":"https:\/\/www.cibusmontecatini.it\/de\/wp-json\/wp\/v2\/users\/4"}],"replies":[{"embeddable":true,"href":"https:\/\/www.cibusmontecatini.it\/de\/wp-json\/wp\/v2\/comments?post=1564"}],"version-history":[{"count":3,"href":"https:\/\/www.cibusmontecatini.it\/de\/wp-json\/wp\/v2\/pages\/1564\/revisions"}],"predecessor-version":[{"id":32389,"href":"https:\/\/www.cibusmontecatini.it\/de\/wp-json\/wp\/v2\/pages\/1564\/revisions\/32389"}],"wp:featuredmedia":[{"embeddable":true,"href":"https:\/\/www.cibusmontecatini.it\/de\/wp-json\/wp\/v2\/media\/1565"}],"wp:attachment":[{"href":"https:\/\/www.cibusmontecatini.it\/de\/wp-json\/wp\/v2\/media?parent=1564"}],"curies":[{"name":"wp","href":"https:\/\/api.w.org\/{rel}","templated":true}]}}