{"id":1566,"date":"2014-08-26T16:40:32","date_gmt":"2014-08-26T16:40:32","guid":{"rendered":"http:\/\/www.cibusmontecatini.it\/steaks-discover-our-menu-2\/"},"modified":"2020-02-17T10:54:35","modified_gmt":"2020-02-17T10:54:35","slug":"menu-restaurant-montecatini","status":"publish","type":"page","link":"https:\/\/www.cibusmontecatini.it\/de\/menu-restaurant-montecatini\/","title":{"rendered":"Menu &#8212; Unsere Gerichte"},"content":{"rendered":"<div class=\"gk-menu-container\" style=\"margin-top: 30px;\">\n<div class=\"gk-cols\" data-cols=\"3\">\n<div>\n<h3>Pizzeria<\/h3>\n<dl>\n<dt>Pizza 4 Stagioni<\/dt>\n<dd><small>Tomaten, K\u00e4se, Oliven, Pilze, Artischoken, Sardellen, Kapern, Schinken<\/small><strong>\u20ac 7,00<\/strong><\/dd>\n<dt>Pizza ai Frutti di Mare<\/dt>\n<dd><small>Tomaten, K\u00e4se, Meeresfr\u00fcchte<\/small><strong>\u20ac 8,00<\/strong><\/dd>\n<dt>Pizza Tanta Roba<\/dt>\n<dd><small>Tomaten, K\u00e4se, Tunfisch, Zwibel, Pilze, Paprika<\/small><strong>\u20ac 7,00<\/strong><\/dd>\n<dt>Pizza Vegetariana<\/dt>\n<dd><small>Tomaten, K\u00e4se, Gem\u00fcse<\/small><strong>\u20ac 7,00<\/strong><\/dd>\n<dt>Pizza Marinara<\/dt>\n<dd><small>Tomaten, Knoblauch<\/small><strong>\u20ac 5,00<\/strong><\/dd>\n<\/dl>\n<\/div>\n<div>\n<h3>Ristorante<\/h3>\n<dl>\n<dt>Gran Piatto Toscano<\/dt>\n<dd><small>Tipische Aufschnitt aus Toskana<\/small><strong>\u20ac 10,00<\/strong><\/dd>\n<dt>Bruschette alla Toscana<\/dt>\n<dd><small>Meat, Lardo und Wei\u00dfe Bohnen, Tomaten<\/small><strong>\u20ac 6,00<\/strong><\/dd>\n<dt>Tagliolini del Nostromo<\/dt>\n<dd><small>Tagliolini mit Miesmuscheln, Venusmuscheln und Bottarga<\/small><strong>\u20ac 10,00<\/strong><\/dd>\n<dt>Risotto alla Lampara<\/dt>\n<dd><small>Risotto with Mussels,Clams, Prawns, Asparagus<\/small><strong>\u20ac 11,00<\/strong><\/dd>\n<dt>Grigliata Mista<\/dt>\n<dd><small>Grlladen aus Schweinefleische, Rindfleische, Lammfleisch, Wildschwein,Schweiwurst<\/small><strong>\u20ac 16,00<\/strong><\/dd>\n<\/dl>\n<\/div>\n<div>\n<h3>Insalatone<\/h3>\n<dl>\n<dt>Insalata Nizzarda<\/dt>\n<dd><small>Gem. Salat, Tomaten, Thunfisch, Ei, Oliven<\/small><strong>\u20ac 10,00<\/strong><\/dd>\n<dt>Insalata AMALFI<\/dt>\n<dd><small>Gemischte Salat, Kopfsalat, Oliven, Tomaten, Thunfish, Mozzarella K\u00e4se<\/small><strong>\u20ac 10,00<\/strong><\/dd>\n<dt>Caprese di Bufala<\/dt>\n<dd><small>Buffelk\u00e4se, Tomaten, Oregano<\/small><strong>\u20ac 10,00<\/strong><\/dd>\n<dt>Insalatona GRACA<\/dt>\n<dd><small>Gem. Salat, K\u00e4se, Tomaten, Paprikaschoten, Mais, Gurken<\/small><strong>\u20ac 10,00<\/strong><\/dd>\n<dt>Insalata di Pollo<\/dt>\n<dd><small>Gem. Salat, Mozzarella, Oliven, Hahnchenbrust<\/small><strong>\u20ac 10,00<\/strong><\/dd>\n<\/dl>\n<\/div>\n<\/div>\n<\/div>\n","protected":false},"excerpt":{"rendered":"<p>Pizzeria Pizza 4 Stagioni Tomaten, K\u00e4se, Oliven, Pilze, Artischoken, Sardellen, Kapern, Schinken\u20ac 7,00 Pizza ai Frutti di Mare Tomaten, K\u00e4se, Meeresfr\u00fcchte\u20ac 8,00 Pizza Tanta Roba Tomaten, K\u00e4se, Tunfisch, Zwibel, Pilze, Paprika\u20ac 7,00 Pizza Vegetariana Tomaten, K\u00e4se, Gem\u00fcse\u20ac 7,00 Pizza Marinara Tomaten, Knoblauch\u20ac 5,00 Ristorante Gran Piatto Toscano Tipische Aufschnitt aus Toskana\u20ac 10,00 Bruschette alla Toscana&hellip;<\/p>\n","protected":false},"author":4,"featured_media":1570,"parent":0,"menu_order":0,"comment_status":"closed","ping_status":"closed","template":"template.one-page-wide.php","meta":{"_expiration-date-status":"saved","_expiration-date":0,"_expiration-date-type":"","_expiration-date-categories":[],"_expiration-date-options":[]},"yoast_head":"<!-- This site is optimized with the Yoast SEO plugin v20.1 - https:\/\/yoast.com\/wordpress\/plugins\/seo\/ -->\n<title>menu cibus restaurant montecatini<\/title>\n<meta name=\"description\" content=\"menu, pizzeria, restaurant, salate, CIBUS Montecatini Terme ist ein Fastfood-Restaurant und modern mit einem gro\u00dfen Garten, ideal f\u00fcr Mittag-und Abendessen f\u00fcr Gruppen oder einen schnellen Imbiss.\" \/>\n<meta name=\"robots\" content=\"index, follow, max-snippet:-1, max-image-preview:large, max-video-preview:-1\" \/>\n<link rel=\"canonical\" href=\"https:\/\/www.cibusmontecatini.it\/de\/menu-restaurant-montecatini\/\" \/>\n<meta name=\"twitter:label1\" content=\"Gesch\u00e4tzte Lesezeit\" \/>\n\t<meta name=\"twitter:data1\" content=\"1\u00a0Minute\" \/>\n<script type=\"application\/ld+json\" class=\"yoast-schema-graph\">{\"@context\":\"https:\/\/schema.org\",\"@graph\":[{\"@type\":\"WebPage\",\"@id\":\"https:\/\/www.cibusmontecatini.it\/de\/menu-restaurant-montecatini\/\",\"url\":\"https:\/\/www.cibusmontecatini.it\/de\/menu-restaurant-montecatini\/\",\"name\":\"menu cibus restaurant montecatini\",\"isPartOf\":{\"@id\":\"https:\/\/www.cibusmontecatini.it\/#website\"},\"datePublished\":\"2014-08-26T16:40:32+00:00\",\"dateModified\":\"2020-02-17T10:54:35+00:00\",\"description\":\"menu, pizzeria, restaurant, salate, CIBUS Montecatini Terme ist ein Fastfood-Restaurant und modern mit einem gro\u00dfen Garten, ideal f\u00fcr Mittag-und Abendessen f\u00fcr Gruppen oder einen schnellen Imbiss.\",\"breadcrumb\":{\"@id\":\"https:\/\/www.cibusmontecatini.it\/de\/menu-restaurant-montecatini\/#breadcrumb\"},\"inLanguage\":\"de\",\"potentialAction\":[{\"@type\":\"ReadAction\",\"target\":[\"https:\/\/www.cibusmontecatini.it\/de\/menu-restaurant-montecatini\/\"]}]},{\"@type\":\"BreadcrumbList\",\"@id\":\"https:\/\/www.cibusmontecatini.it\/de\/menu-restaurant-montecatini\/#breadcrumb\",\"itemListElement\":[{\"@type\":\"ListItem\",\"position\":1,\"name\":\"Home\",\"item\":\"https:\/\/www.cibusmontecatini.it\/de\/\"},{\"@type\":\"ListItem\",\"position\":2,\"name\":\"Menu &#8212; Unsere Gerichte\"}]},{\"@type\":\"WebSite\",\"@id\":\"https:\/\/www.cibusmontecatini.it\/#website\",\"url\":\"https:\/\/www.cibusmontecatini.it\/\",\"name\":\"Cibus Ristorante a Montecatini Terme\",\"description\":\"Bar Gori\",\"potentialAction\":[{\"@type\":\"SearchAction\",\"target\":{\"@type\":\"EntryPoint\",\"urlTemplate\":\"https:\/\/www.cibusmontecatini.it\/?s={search_term_string}\"},\"query-input\":\"required name=search_term_string\"}],\"inLanguage\":\"de\"}]}<\/script>\n<!-- \/ Yoast SEO plugin. -->","yoast_head_json":{"title":"menu cibus restaurant montecatini","description":"menu, pizzeria, restaurant, salate, CIBUS Montecatini Terme ist ein Fastfood-Restaurant und modern mit einem gro\u00dfen Garten, ideal f\u00fcr Mittag-und Abendessen f\u00fcr Gruppen oder einen schnellen Imbiss.","robots":{"index":"index","follow":"follow","max-snippet":"max-snippet:-1","max-image-preview":"max-image-preview:large","max-video-preview":"max-video-preview:-1"},"canonical":"https:\/\/www.cibusmontecatini.it\/de\/menu-restaurant-montecatini\/","twitter_misc":{"Gesch\u00e4tzte Lesezeit":"1\u00a0Minute"},"schema":{"@context":"https:\/\/schema.org","@graph":[{"@type":"WebPage","@id":"https:\/\/www.cibusmontecatini.it\/de\/menu-restaurant-montecatini\/","url":"https:\/\/www.cibusmontecatini.it\/de\/menu-restaurant-montecatini\/","name":"menu cibus restaurant montecatini","isPartOf":{"@id":"https:\/\/www.cibusmontecatini.it\/#website"},"datePublished":"2014-08-26T16:40:32+00:00","dateModified":"2020-02-17T10:54:35+00:00","description":"menu, pizzeria, restaurant, salate, CIBUS Montecatini Terme ist ein Fastfood-Restaurant und modern mit einem gro\u00dfen Garten, ideal f\u00fcr Mittag-und Abendessen f\u00fcr Gruppen oder einen schnellen Imbiss.","breadcrumb":{"@id":"https:\/\/www.cibusmontecatini.it\/de\/menu-restaurant-montecatini\/#breadcrumb"},"inLanguage":"de","potentialAction":[{"@type":"ReadAction","target":["https:\/\/www.cibusmontecatini.it\/de\/menu-restaurant-montecatini\/"]}]},{"@type":"BreadcrumbList","@id":"https:\/\/www.cibusmontecatini.it\/de\/menu-restaurant-montecatini\/#breadcrumb","itemListElement":[{"@type":"ListItem","position":1,"name":"Home","item":"https:\/\/www.cibusmontecatini.it\/de\/"},{"@type":"ListItem","position":2,"name":"Menu &#8212; Unsere Gerichte"}]},{"@type":"WebSite","@id":"https:\/\/www.cibusmontecatini.it\/#website","url":"https:\/\/www.cibusmontecatini.it\/","name":"Cibus Ristorante a Montecatini Terme","description":"Bar Gori","potentialAction":[{"@type":"SearchAction","target":{"@type":"EntryPoint","urlTemplate":"https:\/\/www.cibusmontecatini.it\/?s={search_term_string}"},"query-input":"required name=search_term_string"}],"inLanguage":"de"}]}},"_links":{"self":[{"href":"https:\/\/www.cibusmontecatini.it\/de\/wp-json\/wp\/v2\/pages\/1566"}],"collection":[{"href":"https:\/\/www.cibusmontecatini.it\/de\/wp-json\/wp\/v2\/pages"}],"about":[{"href":"https:\/\/www.cibusmontecatini.it\/de\/wp-json\/wp\/v2\/types\/page"}],"author":[{"embeddable":true,"href":"https:\/\/www.cibusmontecatini.it\/de\/wp-json\/wp\/v2\/users\/4"}],"replies":[{"embeddable":true,"href":"https:\/\/www.cibusmontecatini.it\/de\/wp-json\/wp\/v2\/comments?post=1566"}],"version-history":[{"count":0,"href":"https:\/\/www.cibusmontecatini.it\/de\/wp-json\/wp\/v2\/pages\/1566\/revisions"}],"wp:featuredmedia":[{"embeddable":true,"href":"https:\/\/www.cibusmontecatini.it\/de\/wp-json\/wp\/v2\/media\/1570"}],"wp:attachment":[{"href":"https:\/\/www.cibusmontecatini.it\/de\/wp-json\/wp\/v2\/media?parent=1566"}],"curies":[{"name":"wp","href":"https:\/\/api.w.org\/{rel}","templated":true}]}}