{"id":1576,"date":"2015-01-28T15:12:53","date_gmt":"2015-01-28T15:12:53","guid":{"rendered":"http:\/\/www.cibusmontecatini.it\/menu-celiaci-2\/"},"modified":"2022-03-17T15:28:00","modified_gmt":"2022-03-17T15:28:00","slug":"menu-celiaci-ristorante-montecatini","status":"publish","type":"page","link":"https:\/\/www.cibusmontecatini.it\/de\/menu-celiaci-ristorante-montecatini\/","title":{"rendered":"Menu Z\u00f6liakie"},"content":{"rendered":"<div class=\"gk-menu-container\" style=\"margin-top: 30px;\">\n<div class=\"gk-cols\" data-cols=\"3\">\n<div><\/div>\n<div>\n<dl>\n<dt>PIZZA MARGHERITA<\/dt>\n<dd><strong>\u20ac 9,00<\/strong><\/dd>\n<dt>LASAGNE<\/dt>\n<dd><strong>\u20ac 10,00<\/strong>\n<\/div>\n<div>\n<\/div>\n<\/div>\n","protected":false},"excerpt":{"rendered":"<p>PIZZA MARGHERITA \u20ac 9,00 LASAGNE \u20ac 10,00&hellip;<\/p>\n","protected":false},"author":4,"featured_media":1577,"parent":0,"menu_order":0,"comment_status":"closed","ping_status":"closed","template":"template.one-page-wide.php","meta":{"_expiration-date-status":"saved","_expiration-date":0,"_expiration-date-type":"","_expiration-date-categories":[],"_expiration-date-options":[]},"yoast_head":"<!-- This site is optimized with the Yoast SEO plugin v20.1 - https:\/\/yoast.com\/wordpress\/plugins\/seo\/ -->\n<title>menu z\u00f6liakie cibus restaurant montecatini<\/title>\n<meta name=\"description\" content=\"menu z\u00f6liakie, CIBUS Montecatini Terme ist ein Fastfood-Restaurant und modern mit einem gro\u00dfen Garten, ideal f\u00fcr Mittag-und Abendessen f\u00fcr Gruppen oder einen schnellen Imbiss.\" \/>\n<meta name=\"robots\" content=\"index, follow, max-snippet:-1, max-image-preview:large, max-video-preview:-1\" \/>\n<link rel=\"canonical\" href=\"https:\/\/www.cibusmontecatini.it\/de\/menu-celiaci-ristorante-montecatini\/\" \/>\n<script type=\"application\/ld+json\" class=\"yoast-schema-graph\">{\"@context\":\"https:\/\/schema.org\",\"@graph\":[{\"@type\":\"WebPage\",\"@id\":\"https:\/\/www.cibusmontecatini.it\/de\/menu-celiaci-ristorante-montecatini\/\",\"url\":\"https:\/\/www.cibusmontecatini.it\/de\/menu-celiaci-ristorante-montecatini\/\",\"name\":\"menu z\u00f6liakie cibus restaurant montecatini\",\"isPartOf\":{\"@id\":\"https:\/\/www.cibusmontecatini.it\/#website\"},\"datePublished\":\"2015-01-28T15:12:53+00:00\",\"dateModified\":\"2022-03-17T15:28:00+00:00\",\"description\":\"menu z\u00f6liakie, CIBUS Montecatini Terme ist ein Fastfood-Restaurant und modern mit einem gro\u00dfen Garten, ideal f\u00fcr Mittag-und Abendessen f\u00fcr Gruppen oder einen schnellen Imbiss.\",\"breadcrumb\":{\"@id\":\"https:\/\/www.cibusmontecatini.it\/de\/menu-celiaci-ristorante-montecatini\/#breadcrumb\"},\"inLanguage\":\"de\",\"potentialAction\":[{\"@type\":\"ReadAction\",\"target\":[\"https:\/\/www.cibusmontecatini.it\/de\/menu-celiaci-ristorante-montecatini\/\"]}]},{\"@type\":\"BreadcrumbList\",\"@id\":\"https:\/\/www.cibusmontecatini.it\/de\/menu-celiaci-ristorante-montecatini\/#breadcrumb\",\"itemListElement\":[{\"@type\":\"ListItem\",\"position\":1,\"name\":\"Home\",\"item\":\"https:\/\/www.cibusmontecatini.it\/de\/\"},{\"@type\":\"ListItem\",\"position\":2,\"name\":\"Menu Z\u00f6liakie\"}]},{\"@type\":\"WebSite\",\"@id\":\"https:\/\/www.cibusmontecatini.it\/#website\",\"url\":\"https:\/\/www.cibusmontecatini.it\/\",\"name\":\"Cibus Ristorante a Montecatini Terme\",\"description\":\"Bar Gori\",\"potentialAction\":[{\"@type\":\"SearchAction\",\"target\":{\"@type\":\"EntryPoint\",\"urlTemplate\":\"https:\/\/www.cibusmontecatini.it\/?s={search_term_string}\"},\"query-input\":\"required name=search_term_string\"}],\"inLanguage\":\"de\"}]}<\/script>\n<!-- \/ Yoast SEO plugin. -->","yoast_head_json":{"title":"menu z\u00f6liakie cibus restaurant montecatini","description":"menu z\u00f6liakie, CIBUS Montecatini Terme ist ein Fastfood-Restaurant und modern mit einem gro\u00dfen Garten, ideal f\u00fcr Mittag-und Abendessen f\u00fcr Gruppen oder einen schnellen Imbiss.","robots":{"index":"index","follow":"follow","max-snippet":"max-snippet:-1","max-image-preview":"max-image-preview:large","max-video-preview":"max-video-preview:-1"},"canonical":"https:\/\/www.cibusmontecatini.it\/de\/menu-celiaci-ristorante-montecatini\/","schema":{"@context":"https:\/\/schema.org","@graph":[{"@type":"WebPage","@id":"https:\/\/www.cibusmontecatini.it\/de\/menu-celiaci-ristorante-montecatini\/","url":"https:\/\/www.cibusmontecatini.it\/de\/menu-celiaci-ristorante-montecatini\/","name":"menu z\u00f6liakie cibus restaurant montecatini","isPartOf":{"@id":"https:\/\/www.cibusmontecatini.it\/#website"},"datePublished":"2015-01-28T15:12:53+00:00","dateModified":"2022-03-17T15:28:00+00:00","description":"menu z\u00f6liakie, CIBUS Montecatini Terme ist ein Fastfood-Restaurant und modern mit einem gro\u00dfen Garten, ideal f\u00fcr Mittag-und Abendessen f\u00fcr Gruppen oder einen schnellen Imbiss.","breadcrumb":{"@id":"https:\/\/www.cibusmontecatini.it\/de\/menu-celiaci-ristorante-montecatini\/#breadcrumb"},"inLanguage":"de","potentialAction":[{"@type":"ReadAction","target":["https:\/\/www.cibusmontecatini.it\/de\/menu-celiaci-ristorante-montecatini\/"]}]},{"@type":"BreadcrumbList","@id":"https:\/\/www.cibusmontecatini.it\/de\/menu-celiaci-ristorante-montecatini\/#breadcrumb","itemListElement":[{"@type":"ListItem","position":1,"name":"Home","item":"https:\/\/www.cibusmontecatini.it\/de\/"},{"@type":"ListItem","position":2,"name":"Menu Z\u00f6liakie"}]},{"@type":"WebSite","@id":"https:\/\/www.cibusmontecatini.it\/#website","url":"https:\/\/www.cibusmontecatini.it\/","name":"Cibus Ristorante a Montecatini Terme","description":"Bar Gori","potentialAction":[{"@type":"SearchAction","target":{"@type":"EntryPoint","urlTemplate":"https:\/\/www.cibusmontecatini.it\/?s={search_term_string}"},"query-input":"required name=search_term_string"}],"inLanguage":"de"}]}},"_links":{"self":[{"href":"https:\/\/www.cibusmontecatini.it\/de\/wp-json\/wp\/v2\/pages\/1576"}],"collection":[{"href":"https:\/\/www.cibusmontecatini.it\/de\/wp-json\/wp\/v2\/pages"}],"about":[{"href":"https:\/\/www.cibusmontecatini.it\/de\/wp-json\/wp\/v2\/types\/page"}],"author":[{"embeddable":true,"href":"https:\/\/www.cibusmontecatini.it\/de\/wp-json\/wp\/v2\/users\/4"}],"replies":[{"embeddable":true,"href":"https:\/\/www.cibusmontecatini.it\/de\/wp-json\/wp\/v2\/comments?post=1576"}],"version-history":[{"count":0,"href":"https:\/\/www.cibusmontecatini.it\/de\/wp-json\/wp\/v2\/pages\/1576\/revisions"}],"wp:featuredmedia":[{"embeddable":true,"href":"https:\/\/www.cibusmontecatini.it\/de\/wp-json\/wp\/v2\/media\/1577"}],"wp:attachment":[{"href":"https:\/\/www.cibusmontecatini.it\/de\/wp-json\/wp\/v2\/media?parent=1576"}],"curies":[{"name":"wp","href":"https:\/\/api.w.org\/{rel}","templated":true}]}}