{"id":1578,"date":"2015-01-28T14:56:30","date_gmt":"2015-01-28T14:56:30","guid":{"rendered":"http:\/\/www.cibusmontecatini.it\/pizzeria-2\/"},"modified":"2024-02-29T11:09:44","modified_gmt":"2024-02-29T11:09:44","slug":"pizzeria-restaurant-montecatini","status":"publish","type":"page","link":"https:\/\/www.cibusmontecatini.it\/de\/pizzeria-restaurant-montecatini\/","title":{"rendered":"Pizzeria"},"content":{"rendered":"<div class = \"gk-menu-container\" style = \"margin-top: 30px;\">\n<div class = \"gk-cols\" data-cols = \"3\">\n<div>\n<dl>\n<dt>Pizza Margherita<\/dt>\n<dd> <small> Tomate, Mozzarella, Oregano <\/small> <strong>\u20ac 7,00 <\/strong> <\/dd>\n<dt> Pizza Neapel <\/dt>\n<dd> <small> Tomate, Mozzarella, Kapern, Acciugh <\/small> <strong>\u20ac 8,00 <\/strong> <\/dd>\n<dt>Pizza mit gekochtem Schinken<\/dt>\n<dd> <small> Tomate, Mozzarella, Cotto <\/small> <strong>\u20ac 8,00 <\/strong> <\/dd>\n<dt> Pizza mit Pilzen <\/dt>\n<dd> <small> Tomate, Mozzarella, Champignons <\/small> <strong>\u20ac 8,00 <\/strong> <\/dd>\n<dt>Pizza mit 4 K\u00e4sesorten<\/dt>\n<dd> <small> Tomate, Mozzarella, 4 K\u00e4sesorten <\/small> <strong>\u20ac 8,00 <\/strong> <\/dd>\n<dt> Pizza 4 Stagioni <\/dt>\n<dd> <small>Tomate, Mozzarella, Oliven, Champignons, Kapern, Sardellen, gekocht, Artischocken <\/small> <strong>\u20ac 8,50 <\/strong> <\/dd>\n<dt> Pizza Kochschinken &#038; amp; Pilze <\/dt>\n<dd> <small> Tomate, Mozzarella, Cotto, Champignons <\/small> <strong>\u20ac 8,50 <\/strong> <\/dd>\n<dt> Pizza mit Rohschinken <\/dt>\n<dd> <small> Tomate, Mozzarella, roh <\/small> <strong>\u20ac 8,50 <\/strong> <\/dd>\n<dt> Rohe Pizza &#038; amp; Rakete <\/dt>\n<dd> <small> Tomate, Mozzarella, Rucola, Rohschinken <\/small> <strong>\u20ac 9,00 <\/strong> <\/dd>\n<dt> Pizza mit Meeresfr\u00fcchten <\/dt>\n<dd> <small> Tomate, Mozzarella, Meeresfr\u00fcchte <\/small> <strong>\u20ac 10,00 <\/strong> <\/dd>\n<dt>Pizza \u201eTanta Roba\u201c<\/dt>\n<dd> <small> Tomate, Mozzarella, Zwiebeln, Thunfisch, Champignons, Paprika <\/small> <strong>\u20ac 8,50 <\/strong> <\/dd>\n<dt>Pizzeria Porcellosa<\/dt>\n<dd> <small> Tomate, Mozzarella, Bacon, Salamino, Wurst, W\u00fcrstel <\/small> <strong>\u20ac 9,00 <\/strong> <\/dd>\n<\/dl>\n<p>&#038; nbsp;\n<\/p><\/div>\n<div>\n<dl>\n<dt> Pizza Margherita mit B\u00fcffelmozzarella <\/dt>\n<dd> <small> Tomate, B\u00fcffelmozzarella <\/small> <strong>\u20ac 9,00 <\/strong> <\/dd>\n<dt> Vegetarische Pizza <\/dt>\n<dd> <small> Tomate, Mozzarella, Gemischtes Gem\u00fcse <\/small> <strong>\u20ac 8,50 <\/strong> <\/dd>\n<dt>Pizza ai W\u00fcrstel<\/dt>\n<dd> <small> Tomate, Mozzarella, W\u00fcrstel <\/small> <strong>\u20ac 8,00 <\/strong> <\/dd>\n<p><! - \n\n<dt> Pizzachips <\/dt>\n<dd> <small> Tomate, Mozzarella, Pommes <\/small> <strong>\u20ac 7,00 <\/strong> <\/dd>\n<p> &#8211;><\/p>\n<dt> Pizza Partenopea <\/dt>\n<dd> <small> Tomate, B\u00fcffelmozzarella, Sardellen, Basilikum, Kirschtomaten <\/small> <strong>\u20ac 10,00 <\/strong> <\/dd>\n<p><! - \n\n<dt>Pizza Parmigiana<\/dt>\n<dd> <small> Tomate, Mozzarella, Aubergine, Parmesan <\/small> <strong>\u20ac 7,00 <\/strong> <\/dd>\n<p> &#8211;><\/p>\n<dt>Pizza Diaz<\/dt>\n<dd> <small> Tomate, Mozzarella, griechische Oliven, Salamino, 4 K\u00e4sesorten <\/small> <strong>\u20ac 8,50 <\/strong> <\/dd>\n<dt> Pizza-Speck-Mascarpone <\/dt>\n<dd> <small> Tomate, Mozzarella, Speck, Mascarpone <\/small> <strong>\u20ac 8,50 <\/strong> <\/dd>\n<p><! - \n\n<dt> Pizza Caterina <\/dt>\n<dd> <small> Tomate, Mozzarella, Rucola, Waln\u00fcsse, Pecorino, Kapern, Sardellen <\/small> <strong>\u20ac 7,00 <\/strong> <\/dd>\n<p> &#8211;><\/p>\n<dt>Pizza Lucifero<\/dt>\n<dd> <small> Tomate, Mozzarella, Bacon, Tabasco, Chili, Radicchio <\/small> <strong>\u20ac 8,50 <\/strong> <\/dd>\n<p><! - \n\n<dt>Pizza Hawaii<\/dt>\n<dd> <small> Tomate, Mozzarella, Cotto, Ananas <\/small> <strong>\u20ac 7,00 <\/strong> <\/dd>\n<p> &#8211;>\n<\/dl>\n<\/div>\n<div>\n<dl>\n<! - \n\n<dt> Pizza mit Steinpilzen <\/dt>\n<dd> <small> Tomate, Mozzarella, Steinpilze <\/small> <strong>\u20ac 7,00 <\/strong> <\/dd>\n<p> &#8211;><\/p>\n<dt> Pizza Salamino und Zwiebel <\/dt>\n<dd> <small>Salamino, Zwiebel <\/small> <strong>\u20ac 8,50 <\/strong> <\/dd>\n<dt> Pizza mit Thunfisch und Zwiebeln <\/dt>\n<dd> <small>Thunfisch, Zwiebel <\/small> <strong>\u20ac 8,50 <\/strong> <\/dd>\n<dt> Wei\u00dfe Pizza mit Bresaola, Rucola und Parmesan <\/dt>\n<dd> <small> Mozzarella, Bresaola, Parmesan, Rucola <\/small> <strong>\u20ac 10,00 <\/strong> <\/dd>\n<dt> Wei\u00dfe Pizza Gorgonzola, scharfe Salamino, Parmesan und Rucola <\/dt>\n<dd> <klein> Gorgonzola, Salam. Picc., Parmesan, Rucola <\/small> <strong>\u20ac 9,00 <\/strong> <\/dd>\n<dt> Pizza alla Scamorza <\/dt>\n<dd> <small>Mozzarella, Tomate, Wurst, Spinat, Scamorza <\/small> <strong>\u20ac 9,00 <\/strong> <\/dd>\n<dt> Wurstpizza <\/dt>\n<dd> <small> Tomate, Mozzarella, Wurst <\/small> <strong>\u20ac 8,50 <\/strong> <\/dd>\n<p><! - \n\n<dt>Pizza Marinara<\/dt>\n<dd> <small> Tomate, Knoblauch, Petersilie <\/small> <strong> \u20ac 5,00 <\/strong> <\/dd>\n<p> &#8211;><\/p>\n<dt> Calzone <\/dt>\n<dd> <small> Tomate, Mozzarella, Kochschinken <\/small> <strong> ab \u20ac 9,50 <\/strong> <\/dd>\n<\/dl>\n<\/div>\n<\/div>\n<\/div>\n<div class = \"menuinchiaro\">\n<ul class = \"sub-menu\">\n<li id ????=\"menu-item-1004\" class = \"menu-item menu-item-type-post_type menu-item-object-page current-menu-item page_item page -item -1002 current_page_item menu-item-1004 \"> <a href=\"https:\/\/www.cibusmontecatini.it\/ristorante-montecatini\/\" aria-current=\"page\" onmouseover=\"\"> Restaurant <\/a> <\/li>\n<li id ????= \" Men\u00fcelement -1001 \"class =\" Men\u00fcelement Men\u00fcelementtyp-post_type Men\u00fcelementobjektseite Men\u00fcelement-1001 \"> <a href=\"https:\/\/www.cibusmontecatini.it\/fast-food-ristorante-montecatini\/\" onmouseover=\"\"> Fast Food <\/ a> <\/li>\n<li id ????=\" menu-item-994\" class = \"menu-item menu-item-type-post_type menu-item-object-page menu-item-994\"> <a href = \"\/ ? page_id = 991 \"onmouseover =\" \"> Pizzeria <\/a> <\/li>\n<li id ????=\" menu-item-14287 \"class =\" menu-item menu-item-type- post_type menu-item-object-page menu-item-14287 \"> <a href=\"https:\/\/www.cibusmontecatini.it\/piatti-vegani-ristorante-montecatini\/\" onmouseover=\"\"> Vegane Gerichte <\/a> <\/li>\n<li id ????=\" menu- item-1016 \"class =\" menu-item menu-item-type-post_type menu-item-object-page menu-item-1016 \"> <a href=\"https:\/\/www.cibusmontecatini.it\/menu-celiaci-ristorante-montecatini\/\" onmouseover=\"\"> Z\u00f6liakie-Men\u00fc < \/a> <\/li>\n<li id ??= \"menu-item-1015\" class = \"menu-item menu-item-type-post_type menu-item-object -page menu-item-1015 \"> <a href=\"https:\/\/www.cibusmontecatini.it\/bevande-ristorante-montecatini\/\" onmouseover=\"\"> Getr\u00e4nke <\/a> <\/li>\n<li id ??=\" menu-item-1014 \"class =\" menu-item menu-item-type-post_type menu-item-object-page menu-item-1014 \"> <a href=\"https:\/\/www.cibusmontecatini.it\/dessert-ristorante-montecatini\/\" onmouseover=\"\"> Dessert <\/a> <\/li>\n<p> < \/ ul >\n<\/div>\n","protected":false},"excerpt":{"rendered":"<p>Pizza Margherita Tomate, Mozzarella, Oregano \u20ac 7,00 Pizza Neapel Tomate, Mozzarella, Kapern, Acciugh \u20ac 8,00 Pizza mit gekochtem Schinken Tomate, Mozzarella, Cotto \u20ac 8,00 Pizza mit Pilzen Tomate, Mozzarella, Champignons \u20ac 8,00 Pizza mit 4 K\u00e4sesorten Tomate, Mozzarella, 4 K\u00e4sesorten \u20ac 8,00 Pizza 4 Stagioni Tomate, Mozzarella, Oliven, Champignons, Kapern, Sardellen, gekocht, Artischocken \u20ac 8,50&hellip;<\/p>\n","protected":false},"author":4,"featured_media":1579,"parent":0,"menu_order":0,"comment_status":"closed","ping_status":"closed","template":"template.one-page-wide.php","meta":{"_expiration-date-status":"","_expiration-date":0,"_expiration-date-type":"","_expiration-date-categories":[],"_expiration-date-options":[]},"yoast_head":"<!-- This site is optimized with the Yoast SEO plugin v20.1 - https:\/\/yoast.com\/wordpress\/plugins\/seo\/ -->\n<title>cibus restaurant pizzeria montecatini<\/title>\n<meta name=\"description\" content=\"restaurant pizzeria, CIBUS Montecatini Terme ist ein Fastfood-Restaurant und modern mit einem gro\u00dfen Garten, ideal f\u00fcr Mittag-und Abendessen f\u00fcr Gruppen oder einen schnellen Imbiss.\" \/>\n<meta name=\"robots\" content=\"index, follow, max-snippet:-1, max-image-preview:large, max-video-preview:-1\" \/>\n<link rel=\"canonical\" href=\"https:\/\/www.cibusmontecatini.it\/de\/pizzeria-restaurant-montecatini\/\" \/>\n<meta name=\"twitter:label1\" content=\"Gesch\u00e4tzte Lesezeit\" \/>\n\t<meta name=\"twitter:data1\" content=\"2\u00a0Minuten\" \/>\n<script type=\"application\/ld+json\" class=\"yoast-schema-graph\">{\"@context\":\"https:\/\/schema.org\",\"@graph\":[{\"@type\":\"WebPage\",\"@id\":\"https:\/\/www.cibusmontecatini.it\/de\/pizzeria-restaurant-montecatini\/\",\"url\":\"https:\/\/www.cibusmontecatini.it\/de\/pizzeria-restaurant-montecatini\/\",\"name\":\"cibus restaurant pizzeria montecatini\",\"isPartOf\":{\"@id\":\"https:\/\/www.cibusmontecatini.it\/#website\"},\"datePublished\":\"2015-01-28T14:56:30+00:00\",\"dateModified\":\"2024-02-29T11:09:44+00:00\",\"description\":\"restaurant pizzeria, CIBUS Montecatini Terme ist ein Fastfood-Restaurant und modern mit einem gro\u00dfen Garten, ideal f\u00fcr Mittag-und Abendessen f\u00fcr Gruppen oder einen schnellen Imbiss.\",\"breadcrumb\":{\"@id\":\"https:\/\/www.cibusmontecatini.it\/de\/pizzeria-restaurant-montecatini\/#breadcrumb\"},\"inLanguage\":\"de\",\"potentialAction\":[{\"@type\":\"ReadAction\",\"target\":[\"https:\/\/www.cibusmontecatini.it\/de\/pizzeria-restaurant-montecatini\/\"]}]},{\"@type\":\"BreadcrumbList\",\"@id\":\"https:\/\/www.cibusmontecatini.it\/de\/pizzeria-restaurant-montecatini\/#breadcrumb\",\"itemListElement\":[{\"@type\":\"ListItem\",\"position\":1,\"name\":\"Home\",\"item\":\"https:\/\/www.cibusmontecatini.it\/de\/\"},{\"@type\":\"ListItem\",\"position\":2,\"name\":\"Pizzeria\"}]},{\"@type\":\"WebSite\",\"@id\":\"https:\/\/www.cibusmontecatini.it\/#website\",\"url\":\"https:\/\/www.cibusmontecatini.it\/\",\"name\":\"Cibus Ristorante a Montecatini Terme\",\"description\":\"Bar Gori\",\"potentialAction\":[{\"@type\":\"SearchAction\",\"target\":{\"@type\":\"EntryPoint\",\"urlTemplate\":\"https:\/\/www.cibusmontecatini.it\/?s={search_term_string}\"},\"query-input\":\"required name=search_term_string\"}],\"inLanguage\":\"de\"}]}<\/script>\n<!-- \/ Yoast SEO plugin. -->","yoast_head_json":{"title":"cibus restaurant pizzeria montecatini","description":"restaurant pizzeria, CIBUS Montecatini Terme ist ein Fastfood-Restaurant und modern mit einem gro\u00dfen Garten, ideal f\u00fcr Mittag-und Abendessen f\u00fcr Gruppen oder einen schnellen Imbiss.","robots":{"index":"index","follow":"follow","max-snippet":"max-snippet:-1","max-image-preview":"max-image-preview:large","max-video-preview":"max-video-preview:-1"},"canonical":"https:\/\/www.cibusmontecatini.it\/de\/pizzeria-restaurant-montecatini\/","twitter_misc":{"Gesch\u00e4tzte Lesezeit":"2\u00a0Minuten"},"schema":{"@context":"https:\/\/schema.org","@graph":[{"@type":"WebPage","@id":"https:\/\/www.cibusmontecatini.it\/de\/pizzeria-restaurant-montecatini\/","url":"https:\/\/www.cibusmontecatini.it\/de\/pizzeria-restaurant-montecatini\/","name":"cibus restaurant pizzeria montecatini","isPartOf":{"@id":"https:\/\/www.cibusmontecatini.it\/#website"},"datePublished":"2015-01-28T14:56:30+00:00","dateModified":"2024-02-29T11:09:44+00:00","description":"restaurant pizzeria, CIBUS Montecatini Terme ist ein Fastfood-Restaurant und modern mit einem gro\u00dfen Garten, ideal f\u00fcr Mittag-und Abendessen f\u00fcr Gruppen oder einen schnellen Imbiss.","breadcrumb":{"@id":"https:\/\/www.cibusmontecatini.it\/de\/pizzeria-restaurant-montecatini\/#breadcrumb"},"inLanguage":"de","potentialAction":[{"@type":"ReadAction","target":["https:\/\/www.cibusmontecatini.it\/de\/pizzeria-restaurant-montecatini\/"]}]},{"@type":"BreadcrumbList","@id":"https:\/\/www.cibusmontecatini.it\/de\/pizzeria-restaurant-montecatini\/#breadcrumb","itemListElement":[{"@type":"ListItem","position":1,"name":"Home","item":"https:\/\/www.cibusmontecatini.it\/de\/"},{"@type":"ListItem","position":2,"name":"Pizzeria"}]},{"@type":"WebSite","@id":"https:\/\/www.cibusmontecatini.it\/#website","url":"https:\/\/www.cibusmontecatini.it\/","name":"Cibus Ristorante a Montecatini Terme","description":"Bar Gori","potentialAction":[{"@type":"SearchAction","target":{"@type":"EntryPoint","urlTemplate":"https:\/\/www.cibusmontecatini.it\/?s={search_term_string}"},"query-input":"required name=search_term_string"}],"inLanguage":"de"}]}},"_links":{"self":[{"href":"https:\/\/www.cibusmontecatini.it\/de\/wp-json\/wp\/v2\/pages\/1578"}],"collection":[{"href":"https:\/\/www.cibusmontecatini.it\/de\/wp-json\/wp\/v2\/pages"}],"about":[{"href":"https:\/\/www.cibusmontecatini.it\/de\/wp-json\/wp\/v2\/types\/page"}],"author":[{"embeddable":true,"href":"https:\/\/www.cibusmontecatini.it\/de\/wp-json\/wp\/v2\/users\/4"}],"replies":[{"embeddable":true,"href":"https:\/\/www.cibusmontecatini.it\/de\/wp-json\/wp\/v2\/comments?post=1578"}],"version-history":[{"count":2,"href":"https:\/\/www.cibusmontecatini.it\/de\/wp-json\/wp\/v2\/pages\/1578\/revisions"}],"predecessor-version":[{"id":32375,"href":"https:\/\/www.cibusmontecatini.it\/de\/wp-json\/wp\/v2\/pages\/1578\/revisions\/32375"}],"wp:featuredmedia":[{"embeddable":true,"href":"https:\/\/www.cibusmontecatini.it\/de\/wp-json\/wp\/v2\/media\/1579"}],"wp:attachment":[{"href":"https:\/\/www.cibusmontecatini.it\/de\/wp-json\/wp\/v2\/media?parent=1578"}],"curies":[{"name":"wp","href":"https:\/\/api.w.org\/{rel}","templated":true}]}}