{"id":1580,"date":"2014-08-28T14:10:16","date_gmt":"2014-08-28T14:10:16","guid":{"rendered":"http:\/\/www.cibusmontecatini.it\/gk-contact-steakhouse-2\/"},"modified":"2025-02-14T10:18:12","modified_gmt":"2025-02-14T10:18:12","slug":"informationen-restaurant-montecatini","status":"publish","type":"page","link":"https:\/\/www.cibusmontecatini.it\/de\/informationen-restaurant-montecatini\/","title":{"rendered":"Informationen anfrage"},"content":{"rendered":"<p>F\u00fcr Ausk\u00fcnfte und Reservierung k\u00f6nnen Sie uns telefonisch unter (+39) 0572 78744<\/p>\n<p>erreichen oder per Email an unsere Email-Adresse <a href=\"mailto:info@cibusmontecatini.it\">info@cibusmontecatini.it<\/a><\/p>\n<p>oder schreiben Sie uns \u00fcber das unten stehende Formular.<br \/>\n\n<div class=\"wpcf7 no-js\" id=\"wpcf7-f4094-o1\" lang=\"it-IT\" dir=\"ltr\">\n<div class=\"screen-reader-response\"><p role=\"status\" aria-live=\"polite\" aria-atomic=\"true\"><\/p> <ul><\/ul><\/div>\n<form action=\"\/de\/wp-json\/wp\/v2\/pages\/1580#wpcf7-f4094-o1\" method=\"post\" class=\"wpcf7-form init wpcf7-acceptance-as-validation\" aria-label=\"Modulo di contatto\" novalidate=\"novalidate\" data-status=\"init\">\n<div style=\"display: none;\">\n<input type=\"hidden\" name=\"_wpcf7\" value=\"4094\" \/>\n<input type=\"hidden\" name=\"_wpcf7_version\" value=\"5.7.4\" \/>\n<input type=\"hidden\" name=\"_wpcf7_locale\" value=\"it_IT\" \/>\n<input type=\"hidden\" name=\"_wpcf7_unit_tag\" value=\"wpcf7-f4094-o1\" \/>\n<input type=\"hidden\" name=\"_wpcf7_container_post\" value=\"0\" \/>\n<input type=\"hidden\" name=\"_wpcf7_posted_data_hash\" value=\"\" \/>\n<input type=\"hidden\" name=\"_wpcf7_recaptcha_response\" value=\"\" \/>\n<\/div>\n<p>Nome *\n<\/p>\n<p><span class=\"wpcf7-form-control-wrap\" data-name=\"your-name\"><input size=\"40\" class=\"wpcf7-form-control wpcf7-text wpcf7-validates-as-required\" aria-required=\"true\" aria-invalid=\"false\" value=\"\" type=\"text\" name=\"your-name\" \/><\/span>\n<\/p>\n<p>Email *\n<\/p>\n<p><span class=\"wpcf7-form-control-wrap\" data-name=\"your-email\"><input size=\"40\" class=\"wpcf7-form-control wpcf7-text wpcf7-email wpcf7-validates-as-required wpcf7-validates-as-email\" aria-required=\"true\" aria-invalid=\"false\" value=\"\" type=\"email\" name=\"your-email\" \/><\/span>\n<\/p>\n<p>Telefono *\n<\/p>\n<p><span class=\"wpcf7-form-control-wrap\" data-name=\"your-phone\"><input size=\"40\" class=\"wpcf7-form-control wpcf7-text wpcf7-validates-as-required\" aria-required=\"true\" aria-invalid=\"false\" value=\"\" type=\"text\" name=\"your-phone\" \/><\/span>\n<\/p>\n<p>Messaggio\n<\/p>\n<p><span class=\"wpcf7-form-control-wrap\" data-name=\"your-message\"><textarea cols=\"40\" rows=\"6\" class=\"wpcf7-form-control wpcf7-textarea wpcf7-validates-as-required\" aria-required=\"true\" aria-invalid=\"false\" name=\"your-message\"><\/textarea><\/span>\n<\/p>\n<p><span class=\"wpcf7-form-control-wrap\" data-name=\"acceptance-676\"><span class=\"wpcf7-form-control wpcf7-acceptance\"><span class=\"wpcf7-list-item\"><label><input type=\"checkbox\" name=\"acceptance-676\" value=\"1\" aria-invalid=\"false\" \/><span class=\"wpcf7-list-item-label\">Autorizzo il sito a gestire i miei dati per rispondere alla mia richiesta. I dati potranno essere salvati all'interno di questo sito ma potr\u00e0 essere richiesta la loro cancellazione come descritto nella pagina <a href=\"\/privacy\/\">Privacy<\/a><\/span><\/label><\/span><\/span><\/span>\n<\/p>\n<p><input class=\"wpcf7-form-control has-spinner wpcf7-submit\" type=\"submit\" value=\"Invia\" \/>\n<\/p><div class=\"wpcf7-response-output\" aria-hidden=\"true\"><\/div>\n<\/form>\n<\/div>\n<\/p>\n<style>\n#gk-footer-nav {\n    display: none !important;\n}\nli#menu-item-599, li#menu-item-2165, li#menu-item-2240,li#menu-item-1629,li#menu-item-2245,li#menu-item-1630,li#menu-item-2246  {\n    display: none !important;\n}\nli#menu-item-1419 .sub-menu {\n    display: none !important;\n}\nli#menu-item-1419 ::before{ display: none !important;}\n<\/style>\n","protected":false},"excerpt":{"rendered":"<p>F\u00fcr Ausk\u00fcnfte und Reservierung k\u00f6nnen Sie uns telefonisch unter (+39) 0572 78744 erreichen oder per Email an unsere Email-Adresse info@cibusmontecatini.it oder schreiben Sie uns \u00fcber das unten stehende Formular.&hellip;<\/p>\n","protected":false},"author":3,"featured_media":0,"parent":0,"menu_order":0,"comment_status":"closed","ping_status":"closed","template":"","meta":{"_expiration-date-status":"saved","_expiration-date":0,"_expiration-date-type":"","_expiration-date-categories":[],"_expiration-date-options":[]},"yoast_head":"<!-- This site is optimized with the Yoast SEO plugin v20.1 - https:\/\/yoast.com\/wordpress\/plugins\/seo\/ -->\n<title>cibus restaurant montecatini<\/title>\n<meta name=\"description\" content=\"CIBUS Montecatini Terme ist ein Fastfood-Restaurant und modern mit einem gro\u00dfen Garten, ideal f\u00fcr Mittag-und Abendessen f\u00fcr Gruppen oder einen schnellen Imbiss.\" \/>\n<meta name=\"robots\" content=\"index, follow, max-snippet:-1, max-image-preview:large, max-video-preview:-1\" \/>\n<link rel=\"canonical\" href=\"https:\/\/www.cibusmontecatini.it\/de\/informationen-restaurant-montecatini\/\" \/>\n<meta name=\"twitter:label1\" content=\"Gesch\u00e4tzte Lesezeit\" \/>\n\t<meta name=\"twitter:data1\" content=\"1\u00a0Minute\" \/>\n<script type=\"application\/ld+json\" class=\"yoast-schema-graph\">{\"@context\":\"https:\/\/schema.org\",\"@graph\":[{\"@type\":\"WebPage\",\"@id\":\"https:\/\/www.cibusmontecatini.it\/de\/informationen-restaurant-montecatini\/\",\"url\":\"https:\/\/www.cibusmontecatini.it\/de\/informationen-restaurant-montecatini\/\",\"name\":\"cibus restaurant montecatini\",\"isPartOf\":{\"@id\":\"https:\/\/www.cibusmontecatini.it\/#website\"},\"datePublished\":\"2014-08-28T14:10:16+00:00\",\"dateModified\":\"2025-02-14T10:18:12+00:00\",\"description\":\"CIBUS Montecatini Terme ist ein Fastfood-Restaurant und modern mit einem gro\u00dfen Garten, ideal f\u00fcr Mittag-und Abendessen f\u00fcr Gruppen oder einen schnellen Imbiss.\",\"breadcrumb\":{\"@id\":\"https:\/\/www.cibusmontecatini.it\/de\/informationen-restaurant-montecatini\/#breadcrumb\"},\"inLanguage\":\"de\",\"potentialAction\":[{\"@type\":\"ReadAction\",\"target\":[\"https:\/\/www.cibusmontecatini.it\/de\/informationen-restaurant-montecatini\/\"]}]},{\"@type\":\"BreadcrumbList\",\"@id\":\"https:\/\/www.cibusmontecatini.it\/de\/informationen-restaurant-montecatini\/#breadcrumb\",\"itemListElement\":[{\"@type\":\"ListItem\",\"position\":1,\"name\":\"Home\",\"item\":\"https:\/\/www.cibusmontecatini.it\/de\/\"},{\"@type\":\"ListItem\",\"position\":2,\"name\":\"Informationen anfrage\"}]},{\"@type\":\"WebSite\",\"@id\":\"https:\/\/www.cibusmontecatini.it\/#website\",\"url\":\"https:\/\/www.cibusmontecatini.it\/\",\"name\":\"Cibus Ristorante a Montecatini Terme\",\"description\":\"Bar Gori\",\"potentialAction\":[{\"@type\":\"SearchAction\",\"target\":{\"@type\":\"EntryPoint\",\"urlTemplate\":\"https:\/\/www.cibusmontecatini.it\/?s={search_term_string}\"},\"query-input\":\"required name=search_term_string\"}],\"inLanguage\":\"de\"}]}<\/script>\n<!-- \/ Yoast SEO plugin. -->","yoast_head_json":{"title":"cibus restaurant montecatini","description":"CIBUS Montecatini Terme ist ein Fastfood-Restaurant und modern mit einem gro\u00dfen Garten, ideal f\u00fcr Mittag-und Abendessen f\u00fcr Gruppen oder einen schnellen Imbiss.","robots":{"index":"index","follow":"follow","max-snippet":"max-snippet:-1","max-image-preview":"max-image-preview:large","max-video-preview":"max-video-preview:-1"},"canonical":"https:\/\/www.cibusmontecatini.it\/de\/informationen-restaurant-montecatini\/","twitter_misc":{"Gesch\u00e4tzte Lesezeit":"1\u00a0Minute"},"schema":{"@context":"https:\/\/schema.org","@graph":[{"@type":"WebPage","@id":"https:\/\/www.cibusmontecatini.it\/de\/informationen-restaurant-montecatini\/","url":"https:\/\/www.cibusmontecatini.it\/de\/informationen-restaurant-montecatini\/","name":"cibus restaurant montecatini","isPartOf":{"@id":"https:\/\/www.cibusmontecatini.it\/#website"},"datePublished":"2014-08-28T14:10:16+00:00","dateModified":"2025-02-14T10:18:12+00:00","description":"CIBUS Montecatini Terme ist ein Fastfood-Restaurant und modern mit einem gro\u00dfen Garten, ideal f\u00fcr Mittag-und Abendessen f\u00fcr Gruppen oder einen schnellen Imbiss.","breadcrumb":{"@id":"https:\/\/www.cibusmontecatini.it\/de\/informationen-restaurant-montecatini\/#breadcrumb"},"inLanguage":"de","potentialAction":[{"@type":"ReadAction","target":["https:\/\/www.cibusmontecatini.it\/de\/informationen-restaurant-montecatini\/"]}]},{"@type":"BreadcrumbList","@id":"https:\/\/www.cibusmontecatini.it\/de\/informationen-restaurant-montecatini\/#breadcrumb","itemListElement":[{"@type":"ListItem","position":1,"name":"Home","item":"https:\/\/www.cibusmontecatini.it\/de\/"},{"@type":"ListItem","position":2,"name":"Informationen anfrage"}]},{"@type":"WebSite","@id":"https:\/\/www.cibusmontecatini.it\/#website","url":"https:\/\/www.cibusmontecatini.it\/","name":"Cibus Ristorante a Montecatini Terme","description":"Bar Gori","potentialAction":[{"@type":"SearchAction","target":{"@type":"EntryPoint","urlTemplate":"https:\/\/www.cibusmontecatini.it\/?s={search_term_string}"},"query-input":"required name=search_term_string"}],"inLanguage":"de"}]}},"_links":{"self":[{"href":"https:\/\/www.cibusmontecatini.it\/de\/wp-json\/wp\/v2\/pages\/1580"}],"collection":[{"href":"https:\/\/www.cibusmontecatini.it\/de\/wp-json\/wp\/v2\/pages"}],"about":[{"href":"https:\/\/www.cibusmontecatini.it\/de\/wp-json\/wp\/v2\/types\/page"}],"author":[{"embeddable":true,"href":"https:\/\/www.cibusmontecatini.it\/de\/wp-json\/wp\/v2\/users\/3"}],"replies":[{"embeddable":true,"href":"https:\/\/www.cibusmontecatini.it\/de\/wp-json\/wp\/v2\/comments?post=1580"}],"version-history":[{"count":1,"href":"https:\/\/www.cibusmontecatini.it\/de\/wp-json\/wp\/v2\/pages\/1580\/revisions"}],"predecessor-version":[{"id":36470,"href":"https:\/\/www.cibusmontecatini.it\/de\/wp-json\/wp\/v2\/pages\/1580\/revisions\/36470"}],"wp:attachment":[{"href":"https:\/\/www.cibusmontecatini.it\/de\/wp-json\/wp\/v2\/media?parent=1580"}],"curies":[{"name":"wp","href":"https:\/\/api.w.org\/{rel}","templated":true}]}}