{"id":1581,"date":"2015-01-28T15:10:00","date_gmt":"2015-01-28T15:10:00","guid":{"rendered":"http:\/\/www.cibusmontecatini.it\/ristorante-2-2\/"},"modified":"2024-02-29T15:51:06","modified_gmt":"2024-02-29T15:51:06","slug":"ristorante-montecatini","status":"publish","type":"page","link":"https:\/\/www.cibusmontecatini.it\/de\/ristorante-montecatini\/","title":{"rendered":"Restaurant"},"content":{"rendered":"<div class=\"gk-menu-container\">\n<header class=\"bigtitle\">\n<div><a href=\"https:\/\/www.cibusmontecatini.it\/wp-content\/uploads\/2015\/01\/antismall.jpg\"><img decoding=\"async\" loading=\"lazy\" class=\"alignnone size-full wp-image-1029\" src=\"https:\/\/www.cibusmontecatini.it\/wp-content\/uploads\/2015\/01\/antismall.jpg\" alt=\"antismall\" width=\"85\" height=\"85\" \/><\/a><\/div>\n<h3 class=\"header\">Antipasti<\/h3>\n<p>&nbsp;<\/p>\n<p><!--0ed0376c207067a7--><\/header>\n<div class = \"gk-menu-container\">\n<div class = \"gk-cols\" data-cols = \"3\">\n<div>\n<dl>\n<dt> Sardellen mit Tropea-Zwiebeln <\/dt>\n<dd> <strong>\u20ac 10,00 <\/strong> <\/dd>\n<dt> Oktopus getrunken auf Bohnencreme <\/dt>\n<dd> <strong>\u20ac 15,00 <\/strong> <\/dd>\n<dt> Sout\u00e8 di mare <\/dt>\n<dd> <strong>\u20ac 13,00 <\/strong> <\/dd>\n<dt> Oktopus mit Kartoffeln <\/dt>\n<dd> <strong>\u20ac 15,00 <\/strong> <\/dd>\n<p><!-- \n\n<dt> In Sojabohnen marinierter Thunfisch mit Mayonnaise mit Sardellenpulvergeschmack <\/dt>\n\n\n \n\n<dd> <strong>\u20ac 14,00<\/strong> <\/dd>\n\n --><\/p>\n<dt> Thunfischtatar <\/dt>\n<dd> <strong>\u20ac 15,00 <\/strong> <\/dd>\n<dt> Riesengarnelen in Kataifi-Nudeln mit Guacamole-Sauce <\/dt>\n<dd> <strong>\u20ac 12,00 <\/strong> <\/dd>\n<\/dl>\n<\/div>\n<div>\n<dl>\n<dt> Gro\u00dfe K\u00e4seplatte mit Marmelade und Akazienhonig <\/dt>\n<dd> <strong>\u20ac 14,00 <\/strong> <\/dd>\n<p><!-- \n\n<dt> Kleine K\u00e4seplatte mit Maremellate <\/dt>\n\n\n \n\n<dd> <strong>\u20ac 6,00 <\/strong> <\/dd>\n\n\n \n\n<dt> Roher Schinken, Salami und Crostini <\/dt>\n\n\n \n\n<dd> <strong>\u20ac 8,00<\/strong> <\/dd>\n\n --><\/p>\n<dt> Spinatflan mit K\u00e4sefondue und Burrata <\/dt>\n<dd> <strong>\u20ac 10,00<\/strong> <\/dd>\n<dt> Gro\u00dfe Platte mit Salami und K\u00e4se <\/dt>\n<dd> <small>Cup, Salami, Raw, Finocchiona, Wurst, Pecorino, Talegggio, Brie <\/small> <strong>\u20ac 14,00 <\/strong> <\/dd>\n<dt> Burrata mit Cinta-Senese-Schinken <\/dt>\n<dd> <strong>\u20ac 14,00 <\/strong> <\/dd>\n<dt> Rindertatar mit Parmesancreme, Kapernfrucht <\/dt>\n<dd> <strong>\u20ac 13,00 <\/strong> <\/dd>\n<p><!-- \n\n<dt> Roher Schinken und Melone <\/dt>\n\n\n \n\n<dd> <strong>\u20ac 8,00<\/strong> <\/dd>\n\n -->\n<\/dl>\n<\/div>\n<div>\n<dl>\n<dt> Gro\u00dfartiges Gericht mit Cinta-Senese-Wurstwaren <\/dt>\n<dd> <strong>\u20ac 16,00 <\/strong> <\/dd>\n<dt> Tolles toskanisches Gericht <\/dt>\n<dd> <small>Cup, Salami, Raw, Finocchiona, Wildschweinwurst <\/small> <strong>\u20ac 11,00 <\/strong> <\/dd>\n<dt> Bruschetta mit Tomate <\/dt>\n<dd> <small> <\/small> <strong>\u20ac 5,00 <\/strong> <\/dd>\n<dt> Bruschetta alla Toscana <\/dt>\n<dd> <small> Schmalz und Bohnen, Fleisch, Tomate <\/small> <strong> \u20ac 8,00 <\/strong> <\/dd>\n<dt> Warme Meeresvorspeise <\/dt>\n<dd> <small> Scampi, Garnelen, gemischtes Meer, Muscheln und Venusmuscheln <\/small> <strong> \u20ac 15,00 <\/strong> <\/dd>\n<\/dl>\n<\/div>\n<\/div>\n<\/div>\n<\/div>\n<div class = \"gk-menu-container\">\n<header class = \"bigtitle\">\n<div> <a href=\"http:\/\/www.cibusmontecatini.it\/wp-content\/uploads\/2015\/01\/pri-carne-small.jpg\"> <img class = \"alignnone size-full wp-image- 1065 \"src =\" http:\/\/www.cibusmontecatini.it\/wp-content\/uploads\/2015\/01\/pri-carne-small.jpg \"alt =\" pri-carne-small \"width =\" 85 \"height =\" 85 \"\/> <\/a> <\/div>\n<h3 class = \"header\"> Ground First <\/h3>\n<p>&#038; nbsp;<\/p>\n<p><!--0ed0376c207067a7--><\/header>\n<div class = \"gk-menu-container\">\n<div class = \"gk-cols\" data-cols = \"3\">\n<div>\n<dl>\n<!-- \n\n<dt> Spaghetti al Rag\u00f9 <\/dt>\n\n\n \n\n<dd> <strong>\u20ac 8,00<\/strong> <\/dd>\n\n --><\/p>\n<dt> Penne alla Boscaiola <\/dt>\n<dd> <strong>\u20ac 10,00 <\/strong> <\/dd>\n<dt>Spaghetti alla Carbonara<\/dt>\n<dd> <strong>\u20ac 10,00<\/strong> <\/dd>\n<p><!-- \n\n<dt> Ravioli Rossi mit Taleggio und Birnensauce <\/dt>\n\n\n \n\n<dd> <strong>\u20ac 9,00<\/strong> <\/dd>\n\n --><\/p>\n<dt> Pici all&#8217;Amatriciana <\/dt>\n<dd> <strong>\u20ac 10,00 <\/strong> <\/dd>\n<dt> Ravioloni mit Ricotta und Spinat Sorrentina <\/dt>\n<dd> <strong>\u20ac 12,00 <\/strong> <\/dd>\n<\/dl>\n<p>&#038; nbsp;<\/p>\n<\/div>\n<div>\n<dl>\n<dt> Gebackene Lasagne <\/dt>\n<dd> <strong>\u20ac 10,00 <\/strong> <\/dd>\n<dt> Risotto mit Safranpilzen <\/dt>\n<dd> <strong>\u20ac 14,00 <\/strong> <\/dd>\n<dt> Risotto mit Castelmagno-K\u00e4se <\/dt>\n<dd> <strong>\u20ac 15,00 <\/strong> <\/dd>\n<p><!-- \n\n<dt> Terrine von Polenta mit K\u00e4sefondue mit Barolo-Muss <\/dt>\n\n\n \n\n<dd> <strong>\u20ac 9,00<\/strong> <\/dd>\n\n --><\/p>\n<dt> Gnocchetti mit Speck-Zucchini und Scamorza <\/dt>\n<dd> <strong>\u20ac 12,00 <\/strong> <\/dd>\n<p><!-- \n\n<dt> Gem\u00fcsesuppe <\/dt>\n\n\n \n\n<dd> <strong>\u20ac 7,50 <\/strong> <\/dd>\n\n -->\n<\/dl>\n<p>&#038; nbsp;<\/p>\n<\/div>\n<div>\n<dl>\n<dt> Stignanische H\u00fclsenfruchtsuppe <\/dt>\n<dd> <strong>\u20ac 8,00 <\/strong> <\/dd>\n<dt> Toskanisches Biss (Tomatensuppe, Ribollita) <\/dt>\n<dd> <strong>\u20ac 9,00 <\/strong> <\/dd>\n<dt> Tagliatelle mit Ente <\/dt>\n<dd> <strong>\u20ac 12,00 <\/strong> <\/dd>\n<dt> Pici all&#8217;Aglione <\/dt>\n<dd> <strong>\u20ac 11,00<\/strong> <\/dd>\n<dt> Pici al Chianti mit Paesana-Wurst und Pecorino-K\u00e4se <\/dt>\n<dd> <strong>\u20ac 12,00 <\/strong> <\/dd>\n<\/dl>\n<\/div>\n<\/div>\n<\/div>\n<\/div>\n<div class = \"gk-menu-container\">\n<header class = \"bigtitle\">\n<div> <a href=\"http:\/\/www.cibusmontecatini.it\/wp-content\/uploads\/2015\/01\/pri-pesce-small.jpg\"> <img class = \"alignnone size-full wp-image- 1089 \"src =\" http:\/\/www.cibusmontecatini.it\/wp-content\/uploads\/2015\/01\/pri-pesce-small.jpg \"alt =\" pri-pesce-small \"width =\" 85 \"height =\" 85 \"\/> <\/a> <\/div>\n<h3 class = \"header\"> Erster Fisch <\/h3>\n<p>&#038; nbsp;<\/p>\n<p><!--0ed0376c207067a7--><\/header>\n<div class = \"gk-menu-container\">\n<div class = \"gk-cols\" data-cols = \"3\">\n<div>\n<dl>\n<dt> Tagliolini mit Hummer (f\u00fcr 2 Personen) <\/dt>\n<dd> <strong>\u20ac 46,00 <\/strong> <\/dd>\n<dt>Penne mit Scampi<\/dt>\n<dd> <strong>\u20ac 11,00<\/strong> <\/dd>\n<dt>Spaghetti allo Scoglio<\/dt>\n<dd> <strong>\u20ac 15,00 <\/strong> <\/dd>\n<dt>Yellow Linguine with Shrimps and Clams<\/dt>\n<dd><strong>\u20ac 15,00<\/strong><\/dd>\n<\/dl>\n<p>&#038; nbsp;<\/p>\n<\/div>\n<div>\n<dl>\n<dt> Hummerravioli mit Schalentiersauce <\/dt>\n<dd> <strong>\u20ac 14,00 <\/strong> <\/dd>\n<dt> Risotto mit Meeresfr\u00fcchten <\/dt>\n<dd> <strong>\u20ac 15,00 <\/strong> <\/dd>\n<dt> Risotto alla Lampara <\/dt>\n<dd> <klein> Miesmuscheln, Venusmuscheln, Garnelen, Garnelen, Spargel <\/small> <strong>\u20ac 15,00 <\/strong> <\/dd>\n<p><!-- \n\n<dt> Tagliatelle alla Cibus <\/dt>\n\n\n \n\n<dd> <small> Frischer Lachs, Artischockencreme, Tomatensauce <\/small> <strong>\u20ac 9,00 <\/strong> <\/dd>\n\n -->\n<\/dl>\n<p>&#038; nbsp;<\/p>\n<\/div>\n<div>\n<dl>\n<!-- \n\n<dt> Gelbe Linguine mit Garnelen und Venusmuscheln <\/dt>\n\n\n \n\n<dd> <strong>\u20ac 13,00 <\/strong> <\/dd>\n\n\n \n\n<dt> Calamarata di Gragnano IGP mediterraner Art <\/dt>\n\n\n \n\n<dd> <small> Makrele, Oliven, Kapern, Semmelbr\u00f6sel, Wilder Fenchel <\/small> <strong>\u20ac 9,50 <\/strong> <\/dd>\n\n --><\/p>\n<dt> Calamarata di Gragnano IGP mit frischen Tomaten, Sardellen, Seeigel und Burrata <\/dt>\n<dd> <strong>\u20ac 14,00 <\/strong> <\/dd>\n<dt> Tagliolini del Nostromo<\/dt>\n<dd> <small> Miesmuscheln, Venusmuscheln, Bottarga, frische Tomate <\/small> <strong>\u20ac 15,00 <\/strong> <\/dd>\n<\/dl>\n<p><strong>Fischsuppe<\/strong><\/p>\n<dl>\n<dd> <strong>\u20ac 16,00 <\/strong> <\/dd>\n<\/dl>\n<\/div>\n<\/div>\n<\/div>\n<\/div>\n<div class = \"gk-menu-container\">\n<header class = \"bigtitle\">\n<div> <a href=\"https:\/\/www.cibusmontecatini.it\/wp-content\/uploads\/2015\/01\/terr-small.jpg\"> <img class = \"alignnone size-full wp-image-1094\" src = \"https:\/\/www.cibusmontecatini.it\/wp-content\/uploads\/2015\/01\/terr-small.jpg\" alt = \"terr-small\" width = \"85\" height = \"85\" \/> <\/ a> <\/div>\n<h3 class = \"header\"> Sekunden bis zur Landung <\/h3>\n<p>&#038; nbsp;<\/p>\n<p><!--0ed0376c207067a7--><\/header>\n<div class = \"gk-menu-container\">\n<div class = \"gk-cols\" data-cols = \"3\">\n<div>\n<dl>\n<dt> Gegrilltes Rinderfilet <\/dt>\n<dd> <strong>\u20ac 19,50 <\/strong> <\/dd>\n<p><!-- \n\n<dt> Gegrilltes Schweinesteak <\/dt>\n\n\n \n\n<dd> <strong>\u20ac 10,00 <\/strong> <\/dd>\n\n\n \n\n<dt> Gegrillte H\u00e4hnchenbrust <\/dt>\n\n\n \n\n<dd> <strong>\u20ac 10,00<\/strong> <\/dd>\n\n --><\/p>\n<dt> Rindergeschnetzeltes mit Steinpilzen <\/dt>\n<dd> <strong>\u20ac 19,00 <\/strong> <\/dd>\n<dt> Schweinefilet mit Senf <\/dt>\n<dd> <strong>\u20ac 15,00 <\/strong> <\/dd>\n<dt> Gebackener Spanferkelspie\u00df <\/dt>\n<dd> <strong>\u20ac 15,00 <\/strong> <\/dd>\n<\/dl>\n<p>&#038; nbsp;<\/p>\n<\/div>\n<div>\n<dl>\n<!-- \n\n<dt> Gegrilltes Rinderfilet <\/dt>\n\n\n \n\n<dd> <strong>\u20ac 16,50<\/strong> <\/dd>\n\n --><\/p>\n<dt> Rinderfilet mit rosa Pfeffer <\/dt>\n<dd> <strong>\u20ac 19,50 <\/strong> <\/dd>\n<dt>Entenbrust mit Balsamicoreduktion<\/dt>\n<dd> <strong>\u20ac 19,50 <\/strong> <\/dd>\n<dt> Gegrillte Lammkoteletts <\/dt>\n<dd> <strong>\u20ac 17,00 <\/strong> <\/dd>\n<dt>Grilled Beef Meat<\/dt>\n<dd><strong>\u20ac 15,00<\/strong><\/dd>\n<p><!-- \n\n<dt> Gegrillte Wildschweinsteaks <\/dt>\n\n\n \n\n<dd> <strong>\u20ac 14,00<\/strong> <\/dd>\n\n -->\n<\/dl>\n<p>&#038; nbsp;<\/p>\n<\/div>\n<div>\n<dl>\n<dt>Rindergeschnetzeltes mit Rucola und Parmesan<\/dt>\n<dd> <strong>\u20ac 19,00 <\/strong> <\/dd>\n<dt> Rinderfilet mit Chianti <\/dt>\n<dd> <strong>\u20ac 19,50 <\/strong> <\/dd>\n<dt> Gemischter Grill <\/dt>\n<dd> <small>Rind, Lamm, Wildschwein, Schwein, Wurst <\/small> <strong>\u20ac 18,00 <\/strong> <\/dd>\n<dt> Gegrilltes Florentiner Steak <\/dt>\n<dd> <klein> ca. 700 gr <\/klein> <strong>\u20ac 32,00 <\/strong> <\/dd>\n<\/dl>\n<\/div>\n<\/div>\n<\/div>\n<\/div>\n<div class = \"gk-menu-container\">\n<header class = \"bigtitle\">\n<div> <a href=\"https:\/\/www.cibusmontecatini.it\/wp-content\/uploads\/2015\/01\/pesce-small.jpg\"> <img class = \"alignnone size-full wp-image-1097\" src = \"https:\/\/www.cibusmontecatini.it\/wp-content\/uploads\/2015\/01\/pesce-small.jpg\" alt = \"fish-small\" width = \"85\" height = \"85\" \/> <\/ a> <\/div>\n<h3 class = \"header\"> Zweite G\u00e4nge aus dem Meer <\/h3>\n<p>&#038; nbsp;<\/p>\n<p><!--0ed0376c207067a7--><\/header>\n<div class = \"gk-menu-container\">\n<div class = \"gk-cols\" data-cols = \"3\">\n<div>\n<dl>\n<!-- \n\n<dt> Katalanischer Hummer <\/dt>\n\n\n \n\n<dd> <strong>\u20ac 38,00<\/strong> <\/dd>\n\n --><\/p>\n<dt> Scheibe Ombrina mit Kartoffeln und Steinpilzen <\/dt>\n<dd> <strong>\u20ac 18,00 <\/strong> <\/dd>\n<dt> Gegrillte Garnelen <\/dt>\n<dd> <strong>\u20ac 16,00 <\/strong> <\/dd>\n<dt> Gebratene Meeresfr\u00fcchte <\/dt>\n<dd> <strong>\u20ac 15,00 <\/strong> <\/dd>\n<\/dl>\n<p>&#038; nbsp;<\/p>\n<\/div>\n<div>\n<dl>\n<dt> Gebackenes Lachssteak mit geschnittenen Artischocken <\/dt>\n<dd> <strong>\u20ac 18,00 <\/strong> <\/dd>\n<dt> Wolfsbarschfilet nach Isolana-Art <\/dt>\n<dd> <strong>\u20ac 18,00 <\/strong> <\/dd>\n<dt> Sesam-Thunfischsteak <\/dt>\n<dd> <strong>\u20ac 19,00 <\/strong> <\/dd>\n<\/dl>\n<p>&#038; nbsp;<\/p>\n<\/div>\n<div>\n<dl>\n<dt> <\/dt>\n<p><!-- \n\n<dt> Mais paniertes Makrelenfilet mit Kartoffelcreme und Meeresalgen <\/dt>\n\n\n \n\n<dd> <strong>\u20ac 14,00<\/strong> <\/dd>\n\n --><\/p>\n<dt> Gebackenes Ombrina-Steak mit Gem\u00fcse-Harlekin <\/dt>\n<dd> <strong>\u20ac 18,00 <\/strong> <\/dd>\n<\/dl>\n<\/div>\n<\/div>\n<\/div>\n<\/div>\n<div class = \"gk-menu-container\">\n<header class = \"bigtitle\">\n<div> <a href=\"https:\/\/www.cibusmontecatini.it\/wp-content\/uploads\/2015\/01\/cont-small.jpg\"> <img class = \"alignnone size-full wp-image-1099\" src = \"https:\/\/www.cibusmontecatini.it\/wp-content\/uploads\/2015\/01\/cont-small.jpg\" alt = \"cont-small\" width = \"85\" height = \"85\" \/> <\/ a> <\/div>\n<h3 class = \"header\"> Konturen <\/h3>\n<p>&#038; nbsp;<\/p>\n<p><!--0ed0376c207067a7--><\/header>\n<div class = \"gk-menu-container\">\n<div class = \"gk-cols\" data-cols = \"3\">\n<div>\n<dl>\n<dt> Gemischter Salat <\/dt>\n<dd> <strong>\u20ac 5,00 <\/strong> <\/dd>\n<dt> Spinat <\/dt>\n<dd> <strong>\u20ac 3,50 <\/strong> <\/dd>\n<dt> <\/dt>\n<\/dl>\n<p>&#038; nbsp;<\/p>\n<\/div>\n<div>\n<dl>\n<dt> Wei\u00dfe Bohnen <\/dt>\n<dd> <strong>\u20ac 3,50 <\/strong> <\/dd>\n<dt> Ofenkartoffeln <\/dt>\n<dd> <strong>\u20ac 3,50 <\/strong> <\/dd>\n<dt> <\/dt>\n<\/dl>\n<\/div>\n<div>\n<dl>\n<dt> Gegrilltes Gem\u00fcse <\/dt>\n<dd> <strong>\u20ac 3,50 <\/strong> <\/dd>\n<dt> Pommes Frites <\/dt>\n<dd> <strong> 3,50 \u20ac <\/ strong> <\/dd>\n<\/dl>\n<\/div>\n<\/div>\n<\/div>\n<\/div>\n","protected":false},"excerpt":{"rendered":"<p>Antipasti &nbsp; Sardellen mit Tropea-Zwiebeln \u20ac 10,00 Oktopus getrunken auf Bohnencreme \u20ac 15,00 Sout\u00e8 di mare \u20ac 13,00 Oktopus mit Kartoffeln \u20ac 15,00 Thunfischtatar \u20ac 15,00 Riesengarnelen in Kataifi-Nudeln mit Guacamole-Sauce \u20ac 12,00 Gro\u00dfe K\u00e4seplatte mit Marmelade und Akazienhonig \u20ac 14,00 Spinatflan mit K\u00e4sefondue und Burrata \u20ac 10,00 Gro\u00dfe Platte mit Salami und K\u00e4se Cup,&hellip;<\/p>\n","protected":false},"author":4,"featured_media":1734,"parent":0,"menu_order":0,"comment_status":"closed","ping_status":"closed","template":"template.one-page-wide.php","meta":{"_expiration-date-status":"","_expiration-date":0,"_expiration-date-type":"","_expiration-date-categories":[],"_expiration-date-options":[]},"yoast_head":"<!-- This site is optimized with the Yoast SEO plugin v20.1 - https:\/\/yoast.com\/wordpress\/plugins\/seo\/ -->\n<title>cibus restaurant montecatini<\/title>\n<meta name=\"description\" content=\"CIBUS Montecatini Terme ist ein Fastfood-Restaurant und modern mit einem gro\u00dfen Garten, ideal f\u00fcr Mittag-und Abendessen f\u00fcr Gruppen oder einen schnellen Imbiss.\" \/>\n<meta name=\"robots\" content=\"index, follow, max-snippet:-1, max-image-preview:large, max-video-preview:-1\" \/>\n<link rel=\"canonical\" href=\"https:\/\/www.cibusmontecatini.it\/de\/ristorante-montecatini\/\" \/>\n<meta name=\"twitter:label1\" content=\"Gesch\u00e4tzte Lesezeit\" \/>\n\t<meta name=\"twitter:data1\" content=\"5\u00a0Minuten\" \/>\n<script type=\"application\/ld+json\" class=\"yoast-schema-graph\">{\"@context\":\"https:\/\/schema.org\",\"@graph\":[{\"@type\":\"WebPage\",\"@id\":\"https:\/\/www.cibusmontecatini.it\/de\/ristorante-montecatini\/\",\"url\":\"https:\/\/www.cibusmontecatini.it\/de\/ristorante-montecatini\/\",\"name\":\"cibus restaurant montecatini\",\"isPartOf\":{\"@id\":\"https:\/\/www.cibusmontecatini.it\/#website\"},\"datePublished\":\"2015-01-28T15:10:00+00:00\",\"dateModified\":\"2024-02-29T15:51:06+00:00\",\"description\":\"CIBUS Montecatini Terme ist ein Fastfood-Restaurant und modern mit einem gro\u00dfen Garten, ideal f\u00fcr Mittag-und Abendessen f\u00fcr Gruppen oder einen schnellen Imbiss.\",\"breadcrumb\":{\"@id\":\"https:\/\/www.cibusmontecatini.it\/de\/ristorante-montecatini\/#breadcrumb\"},\"inLanguage\":\"de\",\"potentialAction\":[{\"@type\":\"ReadAction\",\"target\":[\"https:\/\/www.cibusmontecatini.it\/de\/ristorante-montecatini\/\"]}]},{\"@type\":\"BreadcrumbList\",\"@id\":\"https:\/\/www.cibusmontecatini.it\/de\/ristorante-montecatini\/#breadcrumb\",\"itemListElement\":[{\"@type\":\"ListItem\",\"position\":1,\"name\":\"Home\",\"item\":\"https:\/\/www.cibusmontecatini.it\/de\/\"},{\"@type\":\"ListItem\",\"position\":2,\"name\":\"Restaurant\"}]},{\"@type\":\"WebSite\",\"@id\":\"https:\/\/www.cibusmontecatini.it\/#website\",\"url\":\"https:\/\/www.cibusmontecatini.it\/\",\"name\":\"Cibus Ristorante a Montecatini Terme\",\"description\":\"Bar Gori\",\"potentialAction\":[{\"@type\":\"SearchAction\",\"target\":{\"@type\":\"EntryPoint\",\"urlTemplate\":\"https:\/\/www.cibusmontecatini.it\/?s={search_term_string}\"},\"query-input\":\"required name=search_term_string\"}],\"inLanguage\":\"de\"}]}<\/script>\n<!-- \/ Yoast SEO plugin. -->","yoast_head_json":{"title":"cibus restaurant montecatini","description":"CIBUS Montecatini Terme ist ein Fastfood-Restaurant und modern mit einem gro\u00dfen Garten, ideal f\u00fcr Mittag-und Abendessen f\u00fcr Gruppen oder einen schnellen Imbiss.","robots":{"index":"index","follow":"follow","max-snippet":"max-snippet:-1","max-image-preview":"max-image-preview:large","max-video-preview":"max-video-preview:-1"},"canonical":"https:\/\/www.cibusmontecatini.it\/de\/ristorante-montecatini\/","twitter_misc":{"Gesch\u00e4tzte Lesezeit":"5\u00a0Minuten"},"schema":{"@context":"https:\/\/schema.org","@graph":[{"@type":"WebPage","@id":"https:\/\/www.cibusmontecatini.it\/de\/ristorante-montecatini\/","url":"https:\/\/www.cibusmontecatini.it\/de\/ristorante-montecatini\/","name":"cibus restaurant montecatini","isPartOf":{"@id":"https:\/\/www.cibusmontecatini.it\/#website"},"datePublished":"2015-01-28T15:10:00+00:00","dateModified":"2024-02-29T15:51:06+00:00","description":"CIBUS Montecatini Terme ist ein Fastfood-Restaurant und modern mit einem gro\u00dfen Garten, ideal f\u00fcr Mittag-und Abendessen f\u00fcr Gruppen oder einen schnellen Imbiss.","breadcrumb":{"@id":"https:\/\/www.cibusmontecatini.it\/de\/ristorante-montecatini\/#breadcrumb"},"inLanguage":"de","potentialAction":[{"@type":"ReadAction","target":["https:\/\/www.cibusmontecatini.it\/de\/ristorante-montecatini\/"]}]},{"@type":"BreadcrumbList","@id":"https:\/\/www.cibusmontecatini.it\/de\/ristorante-montecatini\/#breadcrumb","itemListElement":[{"@type":"ListItem","position":1,"name":"Home","item":"https:\/\/www.cibusmontecatini.it\/de\/"},{"@type":"ListItem","position":2,"name":"Restaurant"}]},{"@type":"WebSite","@id":"https:\/\/www.cibusmontecatini.it\/#website","url":"https:\/\/www.cibusmontecatini.it\/","name":"Cibus Ristorante a Montecatini Terme","description":"Bar Gori","potentialAction":[{"@type":"SearchAction","target":{"@type":"EntryPoint","urlTemplate":"https:\/\/www.cibusmontecatini.it\/?s={search_term_string}"},"query-input":"required name=search_term_string"}],"inLanguage":"de"}]}},"_links":{"self":[{"href":"https:\/\/www.cibusmontecatini.it\/de\/wp-json\/wp\/v2\/pages\/1581"}],"collection":[{"href":"https:\/\/www.cibusmontecatini.it\/de\/wp-json\/wp\/v2\/pages"}],"about":[{"href":"https:\/\/www.cibusmontecatini.it\/de\/wp-json\/wp\/v2\/types\/page"}],"author":[{"embeddable":true,"href":"https:\/\/www.cibusmontecatini.it\/de\/wp-json\/wp\/v2\/users\/4"}],"replies":[{"embeddable":true,"href":"https:\/\/www.cibusmontecatini.it\/de\/wp-json\/wp\/v2\/comments?post=1581"}],"version-history":[{"count":7,"href":"https:\/\/www.cibusmontecatini.it\/de\/wp-json\/wp\/v2\/pages\/1581\/revisions"}],"predecessor-version":[{"id":32385,"href":"https:\/\/www.cibusmontecatini.it\/de\/wp-json\/wp\/v2\/pages\/1581\/revisions\/32385"}],"wp:featuredmedia":[{"embeddable":true,"href":"https:\/\/www.cibusmontecatini.it\/de\/wp-json\/wp\/v2\/media\/1734"}],"wp:attachment":[{"href":"https:\/\/www.cibusmontecatini.it\/de\/wp-json\/wp\/v2\/media?parent=1581"}],"curies":[{"name":"wp","href":"https:\/\/api.w.org\/{rel}","templated":true}]}}